{"id":3310,"date":"2026-01-02T19:36:53","date_gmt":"2026-01-02T18:36:53","guid":{"rendered":"https:\/\/aplieplus.com\/?page_id=3310"},"modified":"2026-02-06T19:04:30","modified_gmt":"2026-02-06T18:04:30","slug":"toe-pads-toe-protection-selection-ballet","status":"publish","type":"page","link":"https:\/\/aplieplus.com\/en\/zehenschoner-zehenschutz-auswahl-ballett\/","title":{"rendered":"Toe protectors Toe protection selection for ballet"},"content":{"rendered":"\t\t<div data-elementor-type=\"wp-page\" data-elementor-id=\"3310\" class=\"elementor elementor-3310\" data-elementor-post-type=\"page\">\n\t\t\t\t\t\t<section class=\"elementor-section elementor-top-section elementor-element elementor-element-6155024 elementor-section-boxed elementor-section-height-default elementor-section-height-default\" data-id=\"6155024\" data-element_type=\"section\" data-e-type=\"section\" data-settings=\"{&quot;background_background&quot;:&quot;classic&quot;}\">\n\t\t\t\t\t\t<div class=\"elementor-container elementor-column-gap-default\">\n\t\t\t\t\t<div class=\"elementor-column elementor-col-100 elementor-top-column elementor-element elementor-element-729f862\" data-id=\"729f862\" data-element_type=\"column\" data-e-type=\"column\">\n\t\t\t<div class=\"elementor-widget-wrap elementor-element-populated\">\n\t\t\t\t\t\t<section class=\"elementor-section elementor-inner-section elementor-element elementor-element-56db188 elementor-section-boxed elementor-section-height-default elementor-section-height-default\" data-id=\"56db188\" data-element_type=\"section\" data-e-type=\"section\">\n\t\t\t\t\t\t<div class=\"elementor-container elementor-column-gap-default\">\n\t\t\t\t\t<div class=\"elementor-column elementor-col-100 elementor-inner-column elementor-element elementor-element-d4feb1d\" data-id=\"d4feb1d\" data-element_type=\"column\" data-e-type=\"column\">\n\t\t\t<div class=\"elementor-widget-wrap elementor-element-populated\">\n\t\t\t\t\t\t<div class=\"elementor-element elementor-element-342c8b7 elementor-invisible elementor-widget elementor-widget-heading\" data-id=\"342c8b7\" data-element_type=\"widget\" data-e-type=\"widget\" data-settings=\"{&quot;_animation&quot;:&quot;fadeInUp&quot;}\" data-widget_type=\"heading.default\">\n\t\t\t\t<div class=\"elementor-widget-container\">\n\t\t\t\t\t<h2 class=\"elementor-heading-title elementor-size-default\">Die richtige Wahl der Zehenschoner<\/h2>\t\t\t\t<\/div>\n\t\t\t\t<\/div>\n\t\t\t\t\t<\/div>\n\t\t<\/div>\n\t\t\t\t\t<\/div>\n\t\t<\/section>\n\t\t\t\t<section class=\"elementor-section elementor-inner-section elementor-element elementor-element-bb3e04a elementor-section-boxed elementor-section-height-default elementor-section-height-default\" data-id=\"bb3e04a\" data-element_type=\"section\" data-e-type=\"section\">\n\t\t\t\t\t\t<div class=\"elementor-container elementor-column-gap-default\">\n\t\t\t\t\t<div class=\"elementor-column elementor-col-100 elementor-inner-column elementor-element elementor-element-c6d5fa9\" data-id=\"c6d5fa9\" data-element_type=\"column\" data-e-type=\"column\">\n\t\t\t<div class=\"elementor-widget-wrap elementor-element-populated\">\n\t\t\t\t\t\t<div class=\"elementor-element elementor-element-37095f6 elementor-invisible elementor-widget elementor-widget-text-editor\" data-id=\"37095f6\" data-element_type=\"widget\" data-e-type=\"widget\" data-settings=\"{&quot;_animation&quot;:&quot;fadeInUp&quot;}\" data-widget_type=\"text-editor.default\">\n\t\t\t\t<div class=\"elementor-widget-container\">\n\t\t\t\t\t\t\t\t\t<h2>Wie suchst du die f\u00fcr dich passenden Zehenschoner aus?<\/h2>\t\t\t\t\t\t\t\t<\/div>\n\t\t\t\t<\/div>\n\t\t\t\t<div class=\"elementor-element elementor-element-fc12370 elementor-invisible elementor-widget elementor-widget-text-editor\" data-id=\"fc12370\" data-element_type=\"widget\" data-e-type=\"widget\" data-settings=\"{&quot;_animation&quot;:&quot;fadeInUp&quot;}\" data-widget_type=\"text-editor.default\">\n\t\t\t\t<div class=\"elementor-widget-container\">\n\t\t\t\t\t\t\t\t\t<h2>Die richtige Wahl f\u00fcr dein Training und deinen Auftritt<\/h2><p>Du brauchst Zehenschoner, um einen guten Kontakt zu deinem Spitzenschuh zu haben. Nur so kontrollierst du deinen wertvollen Spitzenschuh und deine Bewegungen. Auch wenn viele T\u00e4nzerinnen sie oft vergessen, sind Zehenschoner extrem wichtig, damit du wirklich gut tanzen kannst. Schau dir doch mal YouTube-Videos von ber\u00fchmten T\u00e4nzerinnen und ihren B\u00fchnenvorbereitungen an. Du wirst praktisch immer irgendeine Art von Zehenschoner sehen, die sie benutzen. Und das, obwohl diese T\u00e4nzerinnen nat\u00fcrlich komplett personalisierte Spitzenschuhe haben. Trotzdem verwenden sie zus\u00e4tzlich Zehenschoner. Klar k\u00f6nnen sie perfekt tanzen, aber die richtigen Schoner geben ihnen einfach noch bessere Kontrolle und noch besseren Schutz im Training und bei Auff\u00fchrungen.<\/p><h2>Welche Aufgabe hat ein Zehenschoner?<\/h2><p>Im Prinzip gibt es drei Aufgaben:<br \/>1) Schutz vor Druckstellen<\/p><p>2) Schutz vor Reibung<\/p><p>3) Schutz beim Auftreffen bei Spr\u00fcngen oder schnellen Kombinationen<\/p><p>Spitzenschuhe haben eine bestimmte Form. Normalerweise passen F\u00fc\u00dfe nicht ideal in Spitzenschuhe. Deswegen zerst\u00f6ren T\u00e4nzerinnen die Struktur der Schuhe oft teilweise (\u201ebreak in\u201c) indem sie ihre Schuhe stark mechanisch bearbeiten, damit sie etwas flexibler werden. Das verbessert die Passform und die Spitzenschuhe passen sich den F\u00fc\u00dfen besser an. Der Nachteil ist, dass die Schuhe dadurch schneller verbraucht sind (leider!) und dir viel weniger Halt geben.<\/p><h2>Die harte Struktur von Spitzenschuhen<\/h2><p>hat durchaus ihren Sinn, denn so verteilt der Schuh die Kr\u00e4fte, die auf deinen Fu\u00df wirken, besser. Ist diese harte Struktur aber schon etwas besch\u00e4digt oder leicht verbraucht, k\u00f6nnen die Kr\u00e4fte nicht mehr so gut umgeleitet werden.<\/p><h2>Welche Kr\u00e4fte<\/h2><p>[Wann wirken Kr\u00e4fte im Ballett: Immer dann wenn du springst (Saut\u00e9es) oder rasche Schritte und Drehungen machst.<\/p><p>Als Faustregel kannst du dir merken: immer wenn du deine Spitzenschuhe auf dem Parkett h\u00f6ren kannst, dann wirken nat\u00fcrlich auch h\u00f6here Kr\u00e4fte auf deinen Schuh und dadurch auf deinen Fu\u00df. Wir haben das selbst in unserem Tanzlabor mit T\u00e4nzerinnen gemessen und sind auf ganz erstaunliche Werte gekommen!]<\/p><h2>&#8220;Breaking in&#8221; von Spitzenschuhen<\/h2><p>Das hei\u00dft, du musst bei schon gebrauchten oder bearbeiteten \u00a0Spitzenschuhen viel mehr Muskeln in deinem Fu\u00df aktivieren, um den idealen Kontakt zu haben und deinen Schuh wirklich f\u00fchren und kontrollieren zu k\u00f6nnen. Das solltest du nur machen, wenn du sehr gut trainiert bist! Eine viel bessere und einfachere Variante ist, die richtigen Zehenschoner zu verwenden. Oft denken wir, dass Zehenschoner einfach in den Schuh kommen und dann den Druck wegnehmen.<\/p><p>Das stimmt so \u00fcberhaupt nicht &#8211; besser gesagt, das ist f\u00fcr wirklich gute Zehenschoner v\u00f6llig falsch. Hier ist das Spektrum viel gr\u00f6\u00dfer.<\/p><p>Durchschnittliche Zehenschoner erkennst du daran, dass sie eigentlich relativ hart sind, verglichen mit deiner Haut oder deinen Muskeln. Sie verformen sich zwar, aber sie sind einfach zu wenig plastisch und zu wenig elastisch, als dass sie ihre Schutzfunktion voll erf\u00fcllen k\u00f6nnten. Sie sch\u00fctzen zwar vor Absch\u00fcrfungen oder Kratzern im Schuh, aber eine richtige Druckaufnahme klappt nicht, weil sie h\u00e4rter als dein Fu\u00df sind.<\/p>\t\t\t\t\t\t\t\t<\/div>\n\t\t\t\t<\/div>\n\t\t\t\t\t<\/div>\n\t\t<\/div>\n\t\t\t\t\t<\/div>\n\t\t<\/section>\n\t\t\t\t<section class=\"elementor-section elementor-inner-section elementor-element elementor-element-e8a51da elementor-section-boxed elementor-section-height-default elementor-section-height-default\" data-id=\"e8a51da\" data-element_type=\"section\" data-e-type=\"section\">\n\t\t\t\t\t\t<div class=\"elementor-container elementor-column-gap-default\">\n\t\t\t\t\t<div class=\"elementor-column elementor-col-100 elementor-inner-column elementor-element elementor-element-2a74bb6\" data-id=\"2a74bb6\" data-element_type=\"column\" data-e-type=\"column\">\n\t\t\t<div class=\"elementor-widget-wrap elementor-element-populated\">\n\t\t\t\t\t\t<div class=\"elementor-element elementor-element-988dd8b elementor-invisible elementor-widget elementor-widget-text-editor\" data-id=\"988dd8b\" data-element_type=\"widget\" data-e-type=\"widget\" data-settings=\"{&quot;_animation&quot;:&quot;fadeInUp&quot;}\" data-widget_type=\"text-editor.default\">\n\t\t\t\t<div class=\"elementor-widget-container\">\n\t\t\t\t\t\t\t\t\t<h2>Auf das Material kommt es an!<\/h2>\t\t\t\t\t\t\t\t<\/div>\n\t\t\t\t<\/div>\n\t\t\t\t<div class=\"elementor-element elementor-element-c58488e elementor-invisible elementor-widget elementor-widget-text-editor\" data-id=\"c58488e\" data-element_type=\"widget\" data-e-type=\"widget\" data-settings=\"{&quot;_animation&quot;:&quot;fadeInUp&quot;}\" data-widget_type=\"text-editor.default\">\n\t\t\t\t<div class=\"elementor-widget-container\">\n\t\t\t\t\t\t\t\t\t<p>Du musst dir das so vorstellen: Du hast den Schuh, dann kommt das Material deines Zehenschoners und dann dein Fu\u00df. Wenn das Ganze jetzt belastet wird, nimmt der Teil die Kr\u00e4fte auf, der sich am leichtesten verformen l\u00e4sst. Wir nennen das die Plastizit\u00e4t des Materials. Bei sehr guten Zehenschonern ist das eben der Zehenschoner. Er nimmt dann die Kr\u00e4fte auf, die sonst m\u00f6glicherweise deinen Fu\u00df verletzen w\u00fcrden.<\/p><p>Bei den \u00fcblichen Zehenschonern, die viel weniger plastisch und auch weniger elastisch sind, nimmt dein Fu\u00df einen Gro\u00dfteil der Kr\u00e4fte auf und nicht der Zehenschoner, wie es eigentlich sein sollte! Deswegen sind viele T\u00e4nzerinnen von durchschnittlichen Zehenschonern entt\u00e4uscht und versuchen dann, ihre Schuhe mit v\u00f6llig ungeeigneten Materialien wie Watte, Papier usw. auszustopfen. Mach das nicht! Du verformst damit deine wertvollen Spitzenschuhe und machst es deinen Fu\u00dfmuskeln schwerer, sich richtig zu bewegen.<\/p><h2>Tanzlabor und Entwicklung<\/h2><p>Diese Aussage basiert auf tats\u00e4chlichen Messungen, die wir in unserem Tanzlabor mit richtigen T\u00e4nzerinnen gemacht haben. Watte zum Beispiel &#8211; man denkt, ein superweiches Material, das ideal zum D\u00e4mpfen ist &#8211; d\u00e4mpft St\u00f6\u00dfe und Schl\u00e4ge \u00fcberhaupt nicht. Ganz im Gegenteil, es wird sogar mehr direkt auf den Fu\u00df \u00fcbertragen! Warum ist das so? Wenn du Watte in den Schuh stopfst oder \u00e4hnliches Material, ist es nur ganz am Anfang weich. Nach ein paar Minuten ist es schon sehr stark verpresst und verh\u00e4lt sich dann eigentlich wie ein relativ hartes Material. Deswegen leitet es Schl\u00e4ge und St\u00f6\u00dfe weiter, wie sie zum Beispiel beim \u00c9chapp\u00e9 Seconde einfach auftreten, direkt auf deinen Fu\u00df- ohne jede D\u00e4mpfung.<\/p><h2>Vibrationen h\u00f6rst du und sp\u00fcrst du<\/h2><p>Was dir im Training und auch beim Auftritt Schmerzen bereitet, sind die Vibrationen, die entstehen, wenn du bei Drehungen oder Spr\u00fcngen wieder auf dem Boden aufkommst. Du h\u00f6rst es auch selbst. Alle Bewegungen, bei denen du das Ger\u00e4usch deiner Spitzenschuhe auf dem Parkett h\u00f6rst, verursachen auch Vibrationen in deinem Schuh und damit in deinem Fu\u00df. Und genau die k\u00f6nnen dir schlie\u00dflich Schmerzen bereiten oder Absch\u00fcrfungen erzeugen, wenn sich Schuh und Fu\u00df gegeneinander bewegen. Gute Zehenschoner d\u00e4mpfen genau diese Vibrationen und helfen dir, deinen tollen Spitzenschuh voll zu kontrollieren. So hast du wirklich die Kontrolle \u00fcber deine Bewegungen und, noch wichtiger, du aktivierst genau die richtigen Muskeln, die du brauchst! Du lernst schneller und besser tanzen!<\/p><h2>Plastizit\u00e4t des Materials<\/h2><p>Klar ist: Ein Material, das anstelle deines Fu\u00dfes Druck und Kr\u00e4fte aufnehmen soll, muss weicher und leichter verformbar (wir nennen das plastisch) sein, bei trotzdem sehr hoher Elastizit\u00e4t. Erst dann kann das Material \u00fcberhaupt Kr\u00e4fte aufnehmen.<\/p><p>Das hei\u00dft, die richtige Wahl deines Zehenschoners h\u00e4ngt einmal nat\u00fcrlich von deinem Schuh ab (also genauer gesagt von der Form und wie viel Platz du noch hast &#8211; das h\u00e4ngt von deiner Fu\u00dfform ab) und von der Weichheit deiner Fu\u00dfmuskulatur. Trainierst du sehr viel, also zum Beispiel \u00f6fter als drei- bis viermal pro Woche, und\/oder bist du professionelle T\u00e4nzerin, dann hast du einen sehr muskul\u00f6sen, sehr gut trainierten Fu\u00df, der relativ hart ist. Du kannst nat\u00fcrlich wunderbar mit sehr weichen Zehenschonern tanzen, kannst aber auch etwas strapazierf\u00e4higeres Material verwenden. Bei unseren Produkten k\u00f6nntest du gut das *medium soft* Material verwenden, das wir extra f\u00fcr sehr gut trainierte T\u00e4nzerinnen entwickelt haben. Das Material hei\u00dft zwar *medium soft*, ist aber immer noch viel plastischer als alle anderen Materialien auf dem Markt.<\/p><h2>Training und B\u00fchne<\/h2><p>Klar kannst du als professionelle Ballettt\u00e4nzerin auch mit unserem *super soft* Material tanzen. Hier hast du einfach freie Wahl. Normalerweise passt dieses Material sehr gut f\u00fcr T\u00e4nzerinnen, die schon trainiert sind, also zum Beispiel ein- bis zweimal pro Woche tanzen. Das Material ist weicher und plastischer, hat aber trotzdem eine sehr hohe Elastizit\u00e4t. Wir haben unser Material so entwickelt, dass es etwas zeitversetzt reagiert. So stellen wir sicher, dass es sich je nach Belastung ideal verh\u00e4lt: Wenn du wenig Belastung hast, also zum Beispiel keinen Sprung machst, sondern nur auf der Spitze stehst, dann ist es einfach nur weich und angenehm. Du f\u00fchlst den Boden und alle Bewegungen im Schuh. Erst bei hohen Belastungen d\u00e4mpft es st\u00e4rker. Wir nennen das ein nichtlineares Verhalten. Bei unseren Materialien (alle unsere Zehenschoner haben diese Eigenschaft) haben wir diese Eigenschaft so entwickelt, dass sie ideal f\u00fcr den Balletttanz geeignet ist.<\/p><p>Die \u00fcblichen Zehenschoner auf dem Markt haben meistens ein unausgewogenes Verh\u00e4ltnis zwischen Plastizit\u00e4t (wenn die \u00fcberhaupt vorhanden ist) und Elastizit\u00e4t. Du kannst damit nur einen Teil der Anforderungen abdecken, die an einen Zehenschoner gestellt werden. Aber f\u00fcr einfache Anforderungen, also zum Beispiel nur Schutz gegen Absch\u00fcrfungen, sind sie durchaus gut geeignet. Falls du diese Zehenschoner verwendest, solltest du darauf achten, dass sie keine Oberfl\u00e4chenstruktur haben. Also nichts, was irgendwie Falten werfen oder sich mit der Zeit verschieben oder zusammenpressen k\u00f6nnte, sonst erzeugst du eher den gegenteiligen Effekt &#8211; so wie zusammengepresste Watte wirken w\u00fcrde.<\/p><p>\u00a0<\/p>\t\t\t\t\t\t\t\t<\/div>\n\t\t\t\t<\/div>\n\t\t\t\t\t<\/div>\n\t\t<\/div>\n\t\t\t\t\t<\/div>\n\t\t<\/section>\n\t\t\t\t<div class=\"elementor-element elementor-element-c1e4b2e elementor-widget elementor-widget-image\" data-id=\"c1e4b2e\" data-element_type=\"widget\" data-e-type=\"widget\" data-widget_type=\"image.default\">\n\t\t\t\t<div class=\"elementor-widget-container\">\n\t\t\t\t\t\t\t\t\t\t\t\t\t\t\t\t<a href=\"https:\/\/aplieplus.com\/shop\/\">\n\t\t\t\t\t\t\t<img fetchpriority=\"high\" decoding=\"async\" width=\"720\" height=\"720\" src=\"https:\/\/aplieplus.com\/wp-content\/uploads\/2024\/05\/zehenschoner-im-sackchen-1.jpg\" class=\"attachment-large size-large wp-image-534\" alt=\"Zehenschoner f\u00fcr Ballett\" srcset=\"https:\/\/aplieplus.com\/wp-content\/uploads\/2024\/05\/zehenschoner-im-sackchen-1.jpg 720w, https:\/\/aplieplus.com\/wp-content\/uploads\/2024\/05\/zehenschoner-im-sackchen-1-300x300.jpg 300w, https:\/\/aplieplus.com\/wp-content\/uploads\/2024\/05\/zehenschoner-im-sackchen-1-150x150.jpg 150w, https:\/\/aplieplus.com\/wp-content\/uploads\/2024\/05\/zehenschoner-im-sackchen-1-700x700.jpg 700w, https:\/\/aplieplus.com\/wp-content\/uploads\/2024\/05\/zehenschoner-im-sackchen-1-600x600.jpg 600w, https:\/\/aplieplus.com\/wp-content\/uploads\/2024\/05\/zehenschoner-im-sackchen-1-100x100.jpg 100w\" sizes=\"(max-width: 720px) 100vw, 720px\" title=\"\">\t\t\t\t\t\t\t\t<\/a>\n\t\t\t\t\t\t\t\t\t\t\t\t\t\t\t<\/div>\n\t\t\t\t<\/div>\n\t\t\t\t<section class=\"elementor-section elementor-inner-section elementor-element elementor-element-81aeea2 elementor-section-boxed elementor-section-height-default elementor-section-height-default\" data-id=\"81aeea2\" data-element_type=\"section\" data-e-type=\"section\">\n\t\t\t\t\t\t<div class=\"elementor-container elementor-column-gap-default\">\n\t\t\t\t\t<div class=\"elementor-column elementor-col-100 elementor-inner-column elementor-element elementor-element-5352649\" data-id=\"5352649\" data-element_type=\"column\" data-e-type=\"column\">\n\t\t\t<div class=\"elementor-widget-wrap elementor-element-populated\">\n\t\t\t\t\t\t<div class=\"elementor-element elementor-element-9469778 elementor-invisible elementor-widget elementor-widget-text-editor\" data-id=\"9469778\" data-element_type=\"widget\" data-e-type=\"widget\" data-settings=\"{&quot;_animation&quot;:&quot;fadeInUp&quot;}\" data-widget_type=\"text-editor.default\">\n\t\t\t\t<div class=\"elementor-widget-container\">\n\t\t\t\t\t\t\t\t\t<h2>Schneller und besser tanzen lernen<\/h2>\t\t\t\t\t\t\t\t<\/div>\n\t\t\t\t<\/div>\n\t\t\t\t<div class=\"elementor-element elementor-element-f2cdbcd elementor-invisible elementor-widget elementor-widget-text-editor\" data-id=\"f2cdbcd\" data-element_type=\"widget\" data-e-type=\"widget\" data-settings=\"{&quot;_animation&quot;:&quot;fadeInUp&quot;}\" data-widget_type=\"text-editor.default\">\n\t\t\t\t<div class=\"elementor-widget-container\">\n\t\t\t\t\t\t\t\t\t<p>Startest du erst mit deiner Ballettkarriere und sind deine F\u00fc\u00dfe noch sehr empfindlich? Nimm die plastischsten Zehenschoner, die du findest, die aber auch eine hohe Elastizit\u00e4t haben. Damit wirst du wie auf Wolken tanzen. Das ist nicht nur toll, weil du pl\u00f6tzlich mit viel weniger Druck oder sogar ohne Schmerzen tanzen kannst, sondern sie helfen dir auch, die richtigen Bewegungen zu machen.<\/p><h2>Die richtigen Muskelgruppen<\/h2><p>Mit Schmerzen f\u00e4llt es uns sehr schwer, die richtigen Muskelgruppen zu aktivieren &#8211; wir machen Muskelbewegungen, die eigentlich falsch sind, nur um die Schmerzen auszugleichen. Wenn du hier nichts dagegen tust, lernst du falsche Muster ein, die sp\u00e4ter nur sehr schwer wieder wegzubekommen sind. Verwende ganz besonders am Anfang deiner Tanzkarriere gute Zehenschoner! Sie sch\u00fctzen deine F\u00fc\u00dfe und sie sch\u00fctzen auch deine wertvollen Spitzenschuhe, denn auch die halten l\u00e4nger und du verlierst sie nicht so schnell.<\/p><p>Manche Zehenschoner haben Polster an den Zehen, die besseren Schutz bieten. Auch hier h\u00e4ngt die Auswahl wieder davon ab, was du erreichen willst. Wir haben unsere Zehenschoner so entwickelt, dass diese kleinen Zehenpolster so weich sind, dass sie weggedr\u00fcckt werden. Sie f\u00fcllen damit Hohlr\u00e4ume auf, die durch die Fu\u00dfform entstehen. Hast du also zum Beispiel eine \u00e4gyptische Fu\u00dfform mit relativ viel Platz in der Box deiner Spitzenschuhe, dann sind die Zehenschoner mit Zehenpolstern ideal f\u00fcr dich. Das Material wird etwas zur Seite gedr\u00fcckt und f\u00fcllt dann die Hohlr\u00e4ume etwas auf. Dadurch bekommst du mehr Stabilit\u00e4t und viel mehr Kontrolle \u00fcber deinen Spitzenschuh. Erst so kannst du deinen Spitzenschuh wirklich gut nutzen. Ob mit oder ohne Polster h\u00e4ngt bei uns also eher von deiner Fu\u00dfform ab.<\/p><h2>Fu\u00dfform<\/h2><p>Bei durchschnittlichen Zehenschonern hilft es nat\u00fcrlich auch bei einer spitzzulaufenden Fu\u00dfform, mehr Material im Schuh zu haben. Das funktioniert allerdings nur, wenn die Polsterung sehr plastisch und elastisch ist. Erst dann kann sie sich gut anpassen und auf die Belastungen reagieren.<\/p><p>Wir entwickeln unsere Zehenschoner in unserem eigenen Labor mit unseren eigenen Forschern. Wir glauben, nur so kann man wirklich gute Produkte herstellen, wenn man selbst die Kontrolle \u00fcber die gesamte Entwicklung und Herstellung hat. Als Ergebnis haben wir jetzt Materialien, die nichtlinear sind und die wahrscheinlich die h\u00f6chste Plastizit\u00e4t und Elastizit\u00e4t haben, die es gibt. Hast du einfachere Anspr\u00fcche, also nur Schutz in einer bestimmten Situation oder bei einer bestimmten Belastung, k\u00f6nnen normale Zehenschoner durchaus die ideale L\u00f6sung f\u00fcr dich sein.<\/p>\t\t\t\t\t\t\t\t<\/div>\n\t\t\t\t<\/div>\n\t\t\t\t\t<\/div>\n\t\t<\/div>\n\t\t\t\t\t<\/div>\n\t\t<\/section>\n\t\t\t\t<div class=\"elementor-element elementor-element-75c097a elementor-widget elementor-widget-image\" data-id=\"75c097a\" data-element_type=\"widget\" data-e-type=\"widget\" data-widget_type=\"image.default\">\n\t\t\t\t<div class=\"elementor-widget-container\">\n\t\t\t\t\t\t\t\t\t\t\t\t\t\t\t\t<a href=\"https:\/\/aplieplus.com\/shop\/\">\n\t\t\t\t\t\t\t<img decoding=\"async\" width=\"800\" height=\"534\" src=\"https:\/\/aplieplus.com\/wp-content\/uploads\/2024\/05\/0P8A1503-1024x683.jpg\" class=\"attachment-large size-large wp-image-3346\" alt=\"Die besten Zehenswchoner des Planeten\" srcset=\"https:\/\/aplieplus.com\/wp-content\/uploads\/2024\/05\/0P8A1503-1024x683.jpg 1024w, https:\/\/aplieplus.com\/wp-content\/uploads\/2024\/05\/0P8A1503-300x200.jpg 300w, https:\/\/aplieplus.com\/wp-content\/uploads\/2024\/05\/0P8A1503-768x512.jpg 768w, https:\/\/aplieplus.com\/wp-content\/uploads\/2024\/05\/0P8A1503-1536x1025.jpg 1536w, https:\/\/aplieplus.com\/wp-content\/uploads\/2024\/05\/0P8A1503-2048x1366.jpg 2048w, https:\/\/aplieplus.com\/wp-content\/uploads\/2024\/05\/0P8A1503-18x12.jpg 18w, https:\/\/aplieplus.com\/wp-content\/uploads\/2024\/05\/0P8A1503-600x400.jpg 600w\" sizes=\"(max-width: 800px) 100vw, 800px\" title=\"\">\t\t\t\t\t\t\t\t<\/a>\n\t\t\t\t\t\t\t\t\t\t\t\t\t\t\t<\/div>\n\t\t\t\t<\/div>\n\t\t\t\t\t<\/div>\n\t\t<\/div>\n\t\t\t\t\t<\/div>\n\t\t<\/section>\n\t\t\t\t<section class=\"elementor-section elementor-top-section elementor-element elementor-element-0392aa9 elementor-section-height-min-height elementor-hidden-desktop elementor-section-boxed elementor-section-height-default elementor-section-items-middle\" data-id=\"0392aa9\" data-element_type=\"section\" data-e-type=\"section\" data-settings=\"{&quot;background_background&quot;:&quot;classic&quot;}\">\n\t\t\t\t\t\t<div class=\"elementor-container elementor-column-gap-default\">\n\t\t\t\t\t<div class=\"elementor-column elementor-col-50 elementor-top-column elementor-element elementor-element-a7e36d2\" data-id=\"a7e36d2\" data-element_type=\"column\" data-e-type=\"column\">\n\t\t\t<div class=\"elementor-widget-wrap\">\n\t\t\t\t\t\t\t<\/div>\n\t\t<\/div>\n\t\t\t\t<div class=\"elementor-column elementor-col-50 elementor-top-column elementor-element elementor-element-460588c\" data-id=\"460588c\" data-element_type=\"column\" data-e-type=\"column\" data-settings=\"{&quot;background_background&quot;:&quot;classic&quot;}\">\n\t\t\t<div class=\"elementor-widget-wrap elementor-element-populated\">\n\t\t\t\t\t\t<div class=\"elementor-element elementor-element-135fe0a elementor-invisible elementor-widget elementor-widget-text-editor\" data-id=\"135fe0a\" data-element_type=\"widget\" data-e-type=\"widget\" data-settings=\"{&quot;_animation&quot;:&quot;fadeInUp&quot;}\" data-widget_type=\"text-editor.default\">\n\t\t\t\t<div class=\"elementor-widget-container\">\n\t\t\t\t\t\t\t\t\tContact form\t\t\t\t\t\t\t\t<\/div>\n\t\t\t\t<\/div>\n\t\t\t\t<div class=\"elementor-element elementor-element-225026e elementor-invisible elementor-widget elementor-widget-text-editor\" data-id=\"225026e\" data-element_type=\"widget\" data-e-type=\"widget\" data-settings=\"{&quot;_animation&quot;:&quot;fadeInUp&quot;}\" data-widget_type=\"text-editor.default\">\n\t\t\t\t<div class=\"elementor-widget-container\">\n\t\t\t\t\t\t\t\t\tGot a question?<\/br>\nWe would love to hear from you!\t\t\t\t\t\t\t\t<\/div>\n\t\t\t\t<\/div>\n\t\t\t\t\t<\/div>\n\t\t<\/div>\n\t\t\t\t\t<\/div>\n\t\t<\/section>\n\t\t\t\t<\/div>\n\t\t","protected":false},"excerpt":{"rendered":"<p>Die richtige Wahl der Zehenschoner Wie suchst du die f\u00fcr dich passenden Zehenschoner aus? Die richtige Wahl f\u00fcr dein Training und deinen Auftritt Du brauchst Zehenschoner, um einen guten Kontakt zu deinem Spitzenschuh zu haben. Nur so kontrollierst du deinen wertvollen Spitzenschuh und deine Bewegungen. Auch wenn viele T\u00e4nzerinnen sie oft vergessen, sind Zehenschoner extrem [&hellip;]<\/p>\n","protected":false},"author":2,"featured_media":0,"parent":0,"menu_order":0,"comment_status":"closed","ping_status":"closed","template":"","meta":{"footnotes":""},"class_list":["post-3310","page","type-page","status-publish","hentry"],"_links":{"self":[{"href":"https:\/\/aplieplus.com\/en\/wp-json\/wp\/v2\/pages\/3310","targetHints":{"allow":["GET"]}}],"collection":[{"href":"https:\/\/aplieplus.com\/en\/wp-json\/wp\/v2\/pages"}],"about":[{"href":"https:\/\/aplieplus.com\/en\/wp-json\/wp\/v2\/types\/page"}],"author":[{"embeddable":true,"href":"https:\/\/aplieplus.com\/en\/wp-json\/wp\/v2\/users\/2"}],"replies":[{"embeddable":true,"href":"https:\/\/aplieplus.com\/en\/wp-json\/wp\/v2\/comments?post=3310"}],"version-history":[{"count":23,"href":"https:\/\/aplieplus.com\/en\/wp-json\/wp\/v2\/pages\/3310\/revisions"}],"predecessor-version":[{"id":3573,"href":"https:\/\/aplieplus.com\/en\/wp-json\/wp\/v2\/pages\/3310\/revisions\/3573"}],"wp:attachment":[{"href":"https:\/\/aplieplus.com\/en\/wp-json\/wp\/v2\/media?parent=3310"}],"curies":[{"name":"wp","href":"https:\/\/api.w.org\/{rel}","templated":true}]}}