{"id":599,"date":"2024-05-15T05:19:54","date_gmt":"2024-05-15T05:19:54","guid":{"rendered":"https:\/\/plieplus.de\/?page_id=599"},"modified":"2024-11-11T11:26:39","modified_gmt":"2024-11-11T11:26:39","slug":"test","status":"publish","type":"page","link":"https:\/\/aplieplus.com\/en\/test\/","title":{"rendered":"Test"},"content":{"rendered":"<div data-elementor-type=\"wp-page\" data-elementor-id=\"599\" class=\"elementor elementor-599\" data-elementor-post-type=\"page\">\n\t\t\t\t\t\t<section class=\"elementor-section elementor-top-section elementor-element elementor-element-9dab74b elementor-section-boxed elementor-section-height-default elementor-section-height-default\" data-id=\"9dab74b\" data-element_type=\"section\" data-e-type=\"section\">\n\t\t\t\t\t\t<div class=\"elementor-container elementor-column-gap-default\">\n\t\t\t\t\t<div class=\"elementor-column elementor-col-100 elementor-top-column elementor-element elementor-element-875a607\" data-id=\"875a607\" data-element_type=\"column\" data-e-type=\"column\">\n\t\t\t<div class=\"elementor-widget-wrap elementor-element-populated\">\n\t\t\t\t\t\t<section class=\"elementor-section elementor-inner-section elementor-element elementor-element-a2d9d19 elementor-section-boxed elementor-section-height-default elementor-section-height-default\" data-id=\"a2d9d19\" data-element_type=\"section\" data-e-type=\"section\">\n\t\t\t\t\t\t<div class=\"elementor-container elementor-column-gap-default\">\n\t\t\t\t\t<div class=\"elementor-column elementor-col-33 elementor-inner-column elementor-element elementor-element-3721d62\" data-id=\"3721d62\" data-element_type=\"column\" data-e-type=\"column\" data-settings=\"{&quot;background_background&quot;:&quot;classic&quot;}\">\n\t\t\t<div class=\"elementor-widget-wrap elementor-element-populated\">\n\t\t\t\t\t\t<div class=\"elementor-element elementor-element-96ee15d elementor-widget elementor-widget-image\" data-id=\"96ee15d\" data-element_type=\"widget\" data-e-type=\"widget\" data-widget_type=\"image.default\">\n\t\t\t\t<div class=\"elementor-widget-container\">\n\t\t\t\t\t\t\t\t\t\t\t\t\t\t\t<img fetchpriority=\"high\" decoding=\"async\" width=\"720\" height=\"480\" src=\"https:\/\/aplieplus.com\/wp-content\/uploads\/2024\/05\/les-protege-pointes-medium-soft-avec-coussin-1.jpeg\" class=\"attachment-large size-large wp-image-259\" alt=\"\" srcset=\"https:\/\/aplieplus.com\/wp-content\/uploads\/2024\/05\/les-protege-pointes-medium-soft-avec-coussin-1.jpeg 720w, https:\/\/aplieplus.com\/wp-content\/uploads\/2024\/05\/les-protege-pointes-medium-soft-avec-coussin-1-300x200.jpeg 300w, https:\/\/aplieplus.com\/wp-content\/uploads\/2024\/05\/les-protege-pointes-medium-soft-avec-coussin-1-600x400.jpeg 600w\" sizes=\"(max-width: 720px) 100vw, 720px\" title=\"\">\t\t\t\t\t\t\t\t\t\t\t\t\t\t\t<\/div>\n\t\t\t\t<\/div>\n\t\t\t\t<div class=\"elementor-element elementor-element-05608c3 elementor-widget elementor-widget-text-editor\" data-id=\"05608c3\" data-element_type=\"widget\" data-e-type=\"widget\" data-widget_type=\"text-editor.default\">\n\t\t\t\t<div class=\"elementor-widget-container\">\n\t\t\t\t\t\t\t\t\tLes prot\u00e8ge-pointes Medium-soft avec coussin Package\t\t\t\t\t\t\t\t<\/div>\n\t\t\t\t<\/div>\n\t\t\t\t<div class=\"elementor-element elementor-element-19393b1 elementor-invisible elementor-widget elementor-widget-text-editor\" data-id=\"19393b1\" data-element_type=\"widget\" data-e-type=\"widget\" data-settings=\"{&quot;_animation&quot;:&quot;fadeInUp&quot;}\" data-widget_type=\"text-editor.default\">\n\t\t\t\t<div class=\"elementor-widget-container\">\n\t\t\t\t\t\t\t\t\tSensations du sol adoucies\t\t\t\t\t\t\t\t<\/div>\n\t\t\t\t<\/div>\n\t\t\t\t<div class=\"elementor-element elementor-element-acb48a2 elementor-align-justify elementor-invisible elementor-widget elementor-widget-button\" data-id=\"acb48a2\" data-element_type=\"widget\" data-e-type=\"widget\" data-settings=\"{&quot;_animation&quot;:&quot;fadeIn&quot;}\" data-widget_type=\"button.default\">\n\t\t\t\t<div class=\"elementor-widget-container\">\n\t\t\t\t\t\t\t\t\t<div class=\"elementor-button-wrapper\">\n\t\t\t\t\t<a class=\"elementor-button elementor-button-link elementor-size-sm\" href=\"#\">\n\t\t\t\t\t\t<span class=\"elementor-button-content-wrapper\">\n\t\t\t\t\t\t\t\t\t<span class=\"elementor-button-text\">shop now<\/span>\n\t\t\t\t\t<\/span>\n\t\t\t\t\t<\/a>\n\t\t\t\t<\/div>\n\t\t\t\t\t\t\t\t<\/div>\n\t\t\t\t<\/div>\n\t\t\t\t\t<\/div>\n\t\t<\/div>\n\t\t\t\t<div class=\"elementor-column elementor-col-33 elementor-inner-column elementor-element elementor-element-9e494a8\" data-id=\"9e494a8\" data-element_type=\"column\" data-e-type=\"column\" data-settings=\"{&quot;background_background&quot;:&quot;classic&quot;}\">\n\t\t\t<div class=\"elementor-widget-wrap elementor-element-populated\">\n\t\t\t\t\t\t<div class=\"elementor-element elementor-element-3af9b70 elementor-widget elementor-widget-image\" data-id=\"3af9b70\" data-element_type=\"widget\" data-e-type=\"widget\" data-widget_type=\"image.default\">\n\t\t\t\t<div class=\"elementor-widget-container\">\n\t\t\t\t\t\t\t\t\t\t\t\t\t\t\t<img fetchpriority=\"high\" decoding=\"async\" width=\"720\" height=\"480\" src=\"https:\/\/aplieplus.com\/wp-content\/uploads\/2024\/05\/les-protege-pointes-medium-soft-avec-coussin-1.jpeg\" class=\"attachment-large size-large wp-image-259\" alt=\"\" srcset=\"https:\/\/aplieplus.com\/wp-content\/uploads\/2024\/05\/les-protege-pointes-medium-soft-avec-coussin-1.jpeg 720w, https:\/\/aplieplus.com\/wp-content\/uploads\/2024\/05\/les-protege-pointes-medium-soft-avec-coussin-1-300x200.jpeg 300w, https:\/\/aplieplus.com\/wp-content\/uploads\/2024\/05\/les-protege-pointes-medium-soft-avec-coussin-1-600x400.jpeg 600w\" sizes=\"(max-width: 720px) 100vw, 720px\" title=\"\">\t\t\t\t\t\t\t\t\t\t\t\t\t\t\t<\/div>\n\t\t\t\t<\/div>\n\t\t\t\t<div class=\"elementor-element elementor-element-dfc770f elementor-widget elementor-widget-text-editor\" data-id=\"dfc770f\" data-element_type=\"widget\" data-e-type=\"widget\" data-widget_type=\"text-editor.default\">\n\t\t\t\t<div class=\"elementor-widget-container\">\n\t\t\t\t\t\t\t\t\tLes prot\u00e8ge-pointes Medium-soft avec coussin Package\t\t\t\t\t\t\t\t<\/div>\n\t\t\t\t<\/div>\n\t\t\t\t<div class=\"elementor-element elementor-element-f1256a2 elementor-invisible elementor-widget elementor-widget-text-editor\" data-id=\"f1256a2\" data-element_type=\"widget\" data-e-type=\"widget\" data-settings=\"{&quot;_animation&quot;:&quot;fadeInUp&quot;}\" data-widget_type=\"text-editor.default\">\n\t\t\t\t<div class=\"elementor-widget-container\">\n\t\t\t\t\t\t\t\t\tSensations du sol adoucies\t\t\t\t\t\t\t\t<\/div>\n\t\t\t\t<\/div>\n\t\t\t\t<div class=\"elementor-element elementor-element-1d34c46 elementor-align-justify elementor-invisible elementor-widget elementor-widget-button\" data-id=\"1d34c46\" data-element_type=\"widget\" data-e-type=\"widget\" data-settings=\"{&quot;_animation&quot;:&quot;fadeIn&quot;}\" data-widget_type=\"button.default\">\n\t\t\t\t<div class=\"elementor-widget-container\">\n\t\t\t\t\t\t\t\t\t<div class=\"elementor-button-wrapper\">\n\t\t\t\t\t<a class=\"elementor-button elementor-button-link elementor-size-sm\" href=\"#\">\n\t\t\t\t\t\t<span class=\"elementor-button-content-wrapper\">\n\t\t\t\t\t\t\t\t\t<span class=\"elementor-button-text\">shop now<\/span>\n\t\t\t\t\t<\/span>\n\t\t\t\t\t<\/a>\n\t\t\t\t<\/div>\n\t\t\t\t\t\t\t\t<\/div>\n\t\t\t\t<\/div>\n\t\t\t\t\t<\/div>\n\t\t<\/div>\n\t\t\t\t<div class=\"elementor-column elementor-col-33 elementor-inner-column elementor-element elementor-element-df941e3\" data-id=\"df941e3\" data-element_type=\"column\" data-e-type=\"column\" data-settings=\"{&quot;background_background&quot;:&quot;classic&quot;}\">\n\t\t\t<div class=\"elementor-widget-wrap elementor-element-populated\">\n\t\t\t\t\t\t<div class=\"elementor-element elementor-element-4e829ca elementor-widget elementor-widget-image\" data-id=\"4e829ca\" data-element_type=\"widget\" data-e-type=\"widget\" data-widget_type=\"image.default\">\n\t\t\t\t<div class=\"elementor-widget-container\">\n\t\t\t\t\t\t\t\t\t\t\t\t\t\t\t<img fetchpriority=\"high\" decoding=\"async\" width=\"720\" height=\"480\" src=\"https:\/\/aplieplus.com\/wp-content\/uploads\/2024\/05\/les-protege-pointes-medium-soft-avec-coussin-1.jpeg\" class=\"attachment-large size-large wp-image-259\" alt=\"\" srcset=\"https:\/\/aplieplus.com\/wp-content\/uploads\/2024\/05\/les-protege-pointes-medium-soft-avec-coussin-1.jpeg 720w, https:\/\/aplieplus.com\/wp-content\/uploads\/2024\/05\/les-protege-pointes-medium-soft-avec-coussin-1-300x200.jpeg 300w, https:\/\/aplieplus.com\/wp-content\/uploads\/2024\/05\/les-protege-pointes-medium-soft-avec-coussin-1-600x400.jpeg 600w\" sizes=\"(max-width: 720px) 100vw, 720px\" title=\"\">\t\t\t\t\t\t\t\t\t\t\t\t\t\t\t<\/div>\n\t\t\t\t<\/div>\n\t\t\t\t<div class=\"elementor-element elementor-element-22dcd96 elementor-widget elementor-widget-text-editor\" data-id=\"22dcd96\" data-element_type=\"widget\" data-e-type=\"widget\" data-widget_type=\"text-editor.default\">\n\t\t\t\t<div class=\"elementor-widget-container\">\n\t\t\t\t\t\t\t\t\tLes prot\u00e8ge-pointes Medium-soft avec coussin Package\t\t\t\t\t\t\t\t<\/div>\n\t\t\t\t<\/div>\n\t\t\t\t<div class=\"elementor-element elementor-element-5ba9aa6 elementor-invisible elementor-widget elementor-widget-text-editor\" data-id=\"5ba9aa6\" data-element_type=\"widget\" data-e-type=\"widget\" data-settings=\"{&quot;_animation&quot;:&quot;fadeInUp&quot;}\" data-widget_type=\"text-editor.default\">\n\t\t\t\t<div class=\"elementor-widget-container\">\n\t\t\t\t\t\t\t\t\tSensations du sol adoucies\t\t\t\t\t\t\t\t<\/div>\n\t\t\t\t<\/div>\n\t\t\t\t<div class=\"elementor-element elementor-element-fe70d90 elementor-align-justify elementor-invisible elementor-widget elementor-widget-button\" data-id=\"fe70d90\" data-element_type=\"widget\" data-e-type=\"widget\" data-settings=\"{&quot;_animation&quot;:&quot;fadeIn&quot;}\" data-widget_type=\"button.default\">\n\t\t\t\t<div class=\"elementor-widget-container\">\n\t\t\t\t\t\t\t\t\t<div class=\"elementor-button-wrapper\">\n\t\t\t\t\t<a class=\"elementor-button elementor-button-link elementor-size-sm\" href=\"#\">\n\t\t\t\t\t\t<span class=\"elementor-button-content-wrapper\">\n\t\t\t\t\t\t\t\t\t<span class=\"elementor-button-text\">shop now<\/span>\n\t\t\t\t\t<\/span>\n\t\t\t\t\t<\/a>\n\t\t\t\t<\/div>\n\t\t\t\t\t\t\t\t<\/div>\n\t\t\t\t<\/div>\n\t\t\t\t\t<\/div>\n\t\t<\/div>\n\t\t\t\t\t<\/div>\n\t\t<\/section>\n\t\t\t\t\t<\/div>\n\t\t<\/div>\n\t\t\t\t\t<\/div>\n\t\t<\/section>\n\t\t\t\t<section class=\"elementor-section elementor-top-section elementor-element elementor-element-a73b2bb elementor-section-boxed elementor-section-height-default elementor-section-height-default\" data-id=\"a73b2bb\" data-element_type=\"section\" data-e-type=\"section\">\n\t\t\t\t\t\t<div class=\"elementor-container elementor-column-gap-default\">\n\t\t\t\t\t<div class=\"elementor-column elementor-col-100 elementor-top-column elementor-element elementor-element-abbcd4b\" data-id=\"abbcd4b\" data-element_type=\"column\" data-e-type=\"column\">\n\t\t\t<div class=\"elementor-widget-wrap elementor-element-populated\">\n\t\t\t\t\t\t<div class=\"elementor-element elementor-element-7c7b824 elementor-widget elementor-widget-html\" data-id=\"7c7b824\" data-element_type=\"widget\" data-e-type=\"widget\" data-widget_type=\"html.default\">\n\t\t\t\t<div class=\"elementor-widget-container\">\n\t\t\t\t\t<video id=\"myVideo\" width=\"100%\" height=\"100%\" autoplay loop>\r\n  <source src=\"https:\/\/aplieplus.com\/wp-content\/uploads\/2024\/11\/Aplieplus-Ballet-Toe-Pad-Innovation-Danclets-short-1-MERGE-Videobolt.net_.mp4\" type=\"video\/mp4\">\r\n<\/video>\r\n\r\n<script>\r\n  \/\/ Attempt to unmute and play the video after the page loads\r\n  window.addEventListener('load', function() {\r\n    const video = document.getElementById('myVideo');\r\n    video.muted = false; \/\/ Remove mute\r\n    video.play().catch(error => {\r\n      console.log(\"Autoplay with sound may be blocked by the browser.\", error);\r\n      video.muted = true; \/\/ Re-mute if needed\r\n      video.play(); \/\/ Attempt to play muted\r\n    });\r\n  });\r\n<\/script>\r\n\t\t\t\t<\/div>\n\t\t\t\t<\/div>\n\t\t\t\t\t<\/div>\n\t\t<\/div>\n\t\t\t\t\t<\/div>\n\t\t<\/section>\n\t\t\t\t<\/div>","protected":false},"excerpt":{"rendered":"<p>Les prot\u00e8ge-pointes Medium-soft avec coussin PackageSensations du sol adoucies shop now Les prot\u00e8ge-pointes Medium-soft avec coussin PackageSensations du sol adoucies shop now Les prot\u00e8ge-pointes Medium-soft avec coussin PackageSensations du sol adoucies shop now<\/p>","protected":false},"author":2,"featured_media":0,"parent":0,"menu_order":0,"comment_status":"closed","ping_status":"closed","template":"","meta":{"footnotes":""},"class_list":["post-599","page","type-page","status-publish","hentry"],"_links":{"self":[{"href":"https:\/\/aplieplus.com\/en\/wp-json\/wp\/v2\/pages\/599","targetHints":{"allow":["GET"]}}],"collection":[{"href":"https:\/\/aplieplus.com\/en\/wp-json\/wp\/v2\/pages"}],"about":[{"href":"https:\/\/aplieplus.com\/en\/wp-json\/wp\/v2\/types\/page"}],"author":[{"embeddable":true,"href":"https:\/\/aplieplus.com\/en\/wp-json\/wp\/v2\/users\/2"}],"replies":[{"embeddable":true,"href":"https:\/\/aplieplus.com\/en\/wp-json\/wp\/v2\/comments?post=599"}],"version-history":[{"count":13,"href":"https:\/\/aplieplus.com\/en\/wp-json\/wp\/v2\/pages\/599\/revisions"}],"predecessor-version":[{"id":2661,"href":"https:\/\/aplieplus.com\/en\/wp-json\/wp\/v2\/pages\/599\/revisions\/2661"}],"wp:attachment":[{"href":"https:\/\/aplieplus.com\/en\/wp-json\/wp\/v2\/media?parent=599"}],"curies":[{"name":"wp","href":"https:\/\/api.w.org\/{rel}","templated":true}]}}