{"id":15,"date":"2024-05-08T11:39:50","date_gmt":"2024-05-08T11:39:50","guid":{"rendered":"https:\/\/plieplus.de\/?page_id=15"},"modified":"2024-11-11T17:08:20","modified_gmt":"2024-11-11T17:08:20","slug":"a-propos-de-nous","status":"publish","type":"page","link":"https:\/\/aplieplus.com\/fr\/about-us\/","title":{"rendered":"\u00c0 propos de nous"},"content":{"rendered":"<div data-elementor-type=\"wp-page\" data-elementor-id=\"15\" class=\"elementor elementor-15\" data-elementor-post-type=\"page\">\n\t\t\t\t\t\t<section class=\"elementor-section elementor-top-section elementor-element elementor-element-078bc95 elementor-section-boxed elementor-section-height-default elementor-section-height-default\" data-id=\"078bc95\" data-element_type=\"section\" data-e-type=\"section\" data-settings=\"{&quot;background_background&quot;:&quot;classic&quot;}\">\n\t\t\t\t\t\t<div class=\"elementor-container elementor-column-gap-default\">\n\t\t\t\t\t<div class=\"elementor-column elementor-col-100 elementor-top-column elementor-element elementor-element-3e39e32\" data-id=\"3e39e32\" data-element_type=\"column\" data-e-type=\"column\">\n\t\t\t<div class=\"elementor-widget-wrap elementor-element-populated\">\n\t\t\t\t\t\t<section class=\"elementor-section elementor-inner-section elementor-element elementor-element-d810c76 elementor-section-boxed elementor-section-height-default elementor-section-height-default\" data-id=\"d810c76\" data-element_type=\"section\" data-e-type=\"section\">\n\t\t\t\t\t\t<div class=\"elementor-container elementor-column-gap-default\">\n\t\t\t\t\t<div class=\"elementor-column elementor-col-100 elementor-inner-column elementor-element elementor-element-cafb967\" data-id=\"cafb967\" data-element_type=\"column\" data-e-type=\"column\">\n\t\t\t<div class=\"elementor-widget-wrap elementor-element-populated\">\n\t\t\t\t\t\t<div class=\"elementor-element elementor-element-05a81d3 elementor-invisible elementor-widget elementor-widget-heading\" data-id=\"05a81d3\" data-element_type=\"widget\" data-e-type=\"widget\" data-settings=\"{&quot;_animation&quot;:&quot;fadeInUp&quot;}\" data-widget_type=\"heading.default\">\n\t\t\t\t<div class=\"elementor-widget-container\">\n\t\t\t\t\t<h2 class=\"elementor-heading-title elementor-size-default\">\u00c0 propos de nous<\/h2>\t\t\t\t<\/div>\n\t\t\t\t<\/div>\n\t\t\t\t\t<\/div>\n\t\t<\/div>\n\t\t\t\t\t<\/div>\n\t\t<\/section>\n\t\t\t\t<section class=\"elementor-section elementor-inner-section elementor-element elementor-element-3e3748e elementor-section-boxed elementor-section-height-default elementor-section-height-default\" data-id=\"3e3748e\" data-element_type=\"section\" data-e-type=\"section\">\n\t\t\t\t\t\t<div class=\"elementor-container elementor-column-gap-default\">\n\t\t\t\t\t<div class=\"elementor-column elementor-col-50 elementor-inner-column elementor-element elementor-element-1932870\" data-id=\"1932870\" data-element_type=\"column\" data-e-type=\"column\">\n\t\t\t<div class=\"elementor-widget-wrap elementor-element-populated\">\n\t\t\t\t\t\t<div class=\"elementor-element elementor-element-e877fe7 animated-slow elementor-invisible elementor-widget elementor-widget-image\" data-id=\"e877fe7\" data-element_type=\"widget\" data-e-type=\"widget\" data-settings=\"{&quot;_animation&quot;:&quot;fadeInUp&quot;}\" data-widget_type=\"image.default\">\n\t\t\t\t<div class=\"elementor-widget-container\">\n\t\t\t\t\t\t\t\t\t\t\t\t\t\t\t<img fetchpriority=\"high\" decoding=\"async\" width=\"489\" height=\"290\" src=\"https:\/\/aplieplus.com\/wp-content\/uploads\/2024\/05\/about-1.jpg\" class=\"attachment-large size-large wp-image-360\" alt=\"\" srcset=\"https:\/\/aplieplus.com\/wp-content\/uploads\/2024\/05\/about-1.jpg 489w, https:\/\/aplieplus.com\/wp-content\/uploads\/2024\/05\/about-1-300x178.jpg 300w\" sizes=\"(max-width: 489px) 100vw, 489px\" title=\"\">\t\t\t\t\t\t\t\t\t\t\t\t\t\t\t<\/div>\n\t\t\t\t<\/div>\n\t\t\t\t\t<\/div>\n\t\t<\/div>\n\t\t\t\t<div class=\"elementor-column elementor-col-50 elementor-inner-column elementor-element elementor-element-873a394\" data-id=\"873a394\" data-element_type=\"column\" data-e-type=\"column\">\n\t\t\t<div class=\"elementor-widget-wrap elementor-element-populated\">\n\t\t\t\t\t\t<div class=\"elementor-element elementor-element-0230244 elementor-invisible elementor-widget elementor-widget-text-editor\" data-id=\"0230244\" data-element_type=\"widget\" data-e-type=\"widget\" data-settings=\"{&quot;_animation&quot;:&quot;fadeInUp&quot;}\" data-widget_type=\"text-editor.default\">\n\t\t\t\t<div class=\"elementor-widget-container\">\n\t\t\t\t\t\t\t\t\t<p>Nous sommes l'\u00e9quipe cr\u00e9ative d'Apli\u00e9plus !<\/p>\t\t\t\t\t\t\t\t<\/div>\n\t\t\t\t<\/div>\n\t\t\t\t<div class=\"elementor-element elementor-element-dfca731 elementor-invisible elementor-widget elementor-widget-text-editor\" data-id=\"dfca731\" data-element_type=\"widget\" data-e-type=\"widget\" data-settings=\"{&quot;_animation&quot;:&quot;fadeInUp&quot;}\" data-widget_type=\"text-editor.default\">\n\t\t\t\t<div class=\"elementor-widget-container\">\n\t\t\t\t\t\t\t\t\t<p>Nous sommes une \u00e9quipe passionn\u00e9e qui poss\u00e8de non seulement une connaissance approfondie de la chimie des mat\u00e9riaux, mais qui d\u00e9veloppe \u00e9galement des produits innovants pour le secteur m\u00e9dical et le sport - et le meilleur dans tout \u00e7a ? Nous sommes nous-m\u00eames danseurs !<\/p><p>As-tu d\u00e9j\u00e0 souhait\u00e9 \u00eatre indolore en pratiquant la danse classique ? Alors nous avons exactement ce qu'il te faut ! Notre tout nouveau mod\u00e8le de prot\u00e8ge-pointes, les \"Dancelets\", est arriv\u00e9 : plus flexible et plus robuste que jamais. Ces petites merveilles aident \u00e0 r\u00e9duire les douleurs et les frottements dans tes pointes, tout en gardant la sensation du sol.<\/p><p>Imagine que tu puisses d\u00e9velopper pleinement ton potentiel artistique sans \u00eatre limit\u00e9 par des chocs et des pressions. C'est exactement notre objectif ! Nous voulons te permettre de faire l'exp\u00e9rience in\u00e9dite de la danse sur pointes sans douleur - car chaque pas devrait \u00eatre plein de l\u00e9g\u00e8ret\u00e9 et de joie.<\/p><p>Laisse-toi inspirer par la puissance des dancelets ! Procure-toi d\u00e8s maintenant ta prot\u00fcge-pointes parfaite et fais toi-m\u00eame l'exp\u00e9rience de la diff\u00e9rence. Visite notre boutique et commande d\u00e8s aujourd'hui - pour une danse sans douleur et pleine de joie !<\/p>\t\t\t\t\t\t\t\t<\/div>\n\t\t\t\t<\/div>\n\t\t\t\t\t<\/div>\n\t\t<\/div>\n\t\t\t\t\t<\/div>\n\t\t<\/section>\n\t\t\t\t<section class=\"elementor-section elementor-inner-section elementor-element elementor-element-a3fe4d1 elementor-reverse-tablet elementor-section-boxed elementor-section-height-default elementor-section-height-default\" data-id=\"a3fe4d1\" data-element_type=\"section\" data-e-type=\"section\">\n\t\t\t\t\t\t<div class=\"elementor-container elementor-column-gap-default\">\n\t\t\t\t\t<div class=\"elementor-column elementor-col-50 elementor-inner-column elementor-element elementor-element-a0e0b0a animated-slow elementor-invisible\" data-id=\"a0e0b0a\" data-element_type=\"column\" data-e-type=\"column\" data-settings=\"{&quot;animation&quot;:&quot;fadeInUp&quot;}\">\n\t\t\t<div class=\"elementor-widget-wrap elementor-element-populated\">\n\t\t\t\t\t\t<div class=\"elementor-element elementor-element-e52c933 elementor-invisible elementor-widget elementor-widget-text-editor\" data-id=\"e52c933\" data-element_type=\"widget\" data-e-type=\"widget\" data-settings=\"{&quot;_animation&quot;:&quot;fadeInUp&quot;}\" data-widget_type=\"text-editor.default\">\n\t\t\t\t<div class=\"elementor-widget-container\">\n\t\t\t\t\t\t\t\t\t<h3>D\u00e9couvre la force des prot\u00e8ge-pointes pour danseuses chez Apli\u00e9plus<\/h3>\t\t\t\t\t\t\t\t<\/div>\n\t\t\t\t<\/div>\n\t\t\t\t<div class=\"elementor-element elementor-element-c26b250 elementor-widget elementor-widget-text-editor\" data-id=\"c26b250\" data-element_type=\"widget\" data-e-type=\"widget\" data-widget_type=\"text-editor.default\">\n\t\t\t\t<div class=\"elementor-widget-container\">\n\t\t\t\t\t\t\t\t\t<p>D\u00e9couvre les prot\u00e8ge-orteils Dancelets d'Apli\u00e9plus - la solution parfaite pour toutes les danseuses classiques qui souhaitent am\u00e9liorer leurs performances tout en \u00e9vitant les douleurs aux pieds.<\/p><p>Nos protections d'orteils, fabriqu\u00e9es dans notre silicone sp\u00e9cialement con\u00e7u pour la danse classique, sont comme une seconde peau. Ils offrent non seulement une protection optimale, mais te permettent \u00e9galement de te concentrer pleinement sur la pr\u00e9cision et la l\u00e9g\u00e8ret\u00e9 de tes mouvements.<\/p><p>Tu peux te concentrer sans souci sur ta performance, tout en profitant pleinement de la libert\u00e9 et du plaisir de danser.<\/p><p>Fabriqu\u00e9s et d\u00e9velopp\u00e9s en Suisse et fabriqu\u00e9s \u00e0 la main avec soin, nos dancelets garantissent la plus haute qualit\u00e9.<\/p><p>Elles r\u00e9duisent les frottements, amortissent les chocs et les compressions et pr\u00e9viennent les douleurs aux pieds lors de la pratique de la danse de haut niveau. Les propri\u00e9t\u00e9s physiques et chimiques sp\u00e9ciales du mat\u00e9riau sont parfaitement adapt\u00e9es aux besoins des danseuses.<\/p><p>\u00a0<\/p>\t\t\t\t\t\t\t\t<\/div>\n\t\t\t\t<\/div>\n\t\t\t\t<div class=\"elementor-element elementor-element-4ccbf2b elementor-hidden-desktop elementor-hidden-tablet elementor-hidden-mobile elementor-widget elementor-widget-tp-button\" data-id=\"4ccbf2b\" data-element_type=\"widget\" data-e-type=\"widget\" data-widget_type=\"tp-button.default\">\n\t\t\t\t<div class=\"elementor-widget-container\">\n\t\t\t\t\t<div class=\"pt-plus-button-wrapper   text-left text--mobilecenter\"><div class=\"button_parallax\"><div id=\"button69dc8cb742e25\"  class=\"text-left text--mobilecenter ts-button content_hover_effect\" ><div class=\"pt_plus_button btn69dc8cb742e24 button-style-7\"  ><div class=\"animted-content-inner\"><a href=\"https:\/\/aplieplus.com\/fr\/shop\/\" class=\"button-link-wrap\" role=\"button\" data-hover=\"Shop\" >Shop<span class=\"btn-arrow\"><\/span><\/a><\/div><\/div><\/div><\/div><\/div>\t\t\t\t<\/div>\n\t\t\t\t<\/div>\n\t\t\t\t<div class=\"elementor-element elementor-element-b4667d3 elementor-widget elementor-widget-button\" data-id=\"b4667d3\" data-element_type=\"widget\" data-e-type=\"widget\" data-widget_type=\"button.default\">\n\t\t\t\t<div class=\"elementor-widget-container\">\n\t\t\t\t\t\t\t\t\t<div class=\"elementor-button-wrapper\">\n\t\t\t\t\t<a class=\"elementor-button elementor-button-link elementor-size-sm\" href=\"https:\/\/aplieplus.com\/shop\/\">\n\t\t\t\t\t\t<span class=\"elementor-button-content-wrapper\">\n\t\t\t\t\t\t<span class=\"elementor-button-icon\">\n\t\t\t\t<svg aria-hidden=\"true\" class=\"e-font-icon-svg e-fas-angle-right\" viewbox=\"0 0 256 512\" xmlns=\"http:\/\/www.w3.org\/2000\/svg\"><path d=\"M224.3 273l-136 136c-9.4 9.4-24.6 9.4-33.9 0l-22.6-22.6c-9.4-9.4-9.4-24.6 0-33.9l96.4-96.4-96.4-96.4c-9.4-9.4-9.4-24.6 0-33.9L54.3 103c9.4-9.4 24.6-9.4 33.9 0l136 136c9.5 9.4 9.5 24.6.1 34z\"><\/path><\/svg>\t\t\t<\/span>\n\t\t\t\t\t\t\t\t\t<span class=\"elementor-button-text\">Shop<\/span>\n\t\t\t\t\t<\/span>\n\t\t\t\t\t<\/a>\n\t\t\t\t<\/div>\n\t\t\t\t\t\t\t\t<\/div>\n\t\t\t\t<\/div>\n\t\t\t\t<div class=\"elementor-element elementor-element-a339e1b elementor-widget elementor-widget-image\" data-id=\"a339e1b\" data-element_type=\"widget\" data-e-type=\"widget\" data-widget_type=\"image.default\">\n\t\t\t\t<div class=\"elementor-widget-container\">\n\t\t\t\t\t\t\t\t\t\t\t\t\t\t\t<img decoding=\"async\" width=\"535\" height=\"299\" src=\"https:\/\/aplieplus.com\/wp-content\/uploads\/2024\/05\/about-4-1.png\" class=\"attachment-large size-large wp-image-362\" alt=\"\" srcset=\"https:\/\/aplieplus.com\/wp-content\/uploads\/2024\/05\/about-4-1.png 535w, https:\/\/aplieplus.com\/wp-content\/uploads\/2024\/05\/about-4-1-300x168.png 300w\" sizes=\"(max-width: 535px) 100vw, 535px\" title=\"\">\t\t\t\t\t\t\t\t\t\t\t\t\t\t\t<\/div>\n\t\t\t\t<\/div>\n\t\t\t\t\t<\/div>\n\t\t<\/div>\n\t\t\t\t<div class=\"elementor-column elementor-col-50 elementor-inner-column elementor-element elementor-element-2bbab03\" data-id=\"2bbab03\" data-element_type=\"column\" data-e-type=\"column\">\n\t\t\t<div class=\"elementor-widget-wrap elementor-element-populated\">\n\t\t\t\t\t\t<div class=\"elementor-element elementor-element-d8f480a animated-slow elementor-invisible elementor-widget elementor-widget-image\" data-id=\"d8f480a\" data-element_type=\"widget\" data-e-type=\"widget\" data-settings=\"{&quot;_animation&quot;:&quot;fadeInUp&quot;}\" data-widget_type=\"image.default\">\n\t\t\t\t<div class=\"elementor-widget-container\">\n\t\t\t\t\t\t\t\t\t\t\t\t\t\t\t\t<a href=\"#elementor-action%3Aaction%3Dlightbox%26settings%3DeyJ1cmwiOiJodHRwczpcL1wvcGxpZXBsdXMuZGVcL3dwLWNvbnRlbnRcL3VwbG9hZHNcLzIwMjRcLzA1XC9hYm91dC0yLmpwZyIsInR5cGUiOiJpbWFnZSIsInRpdGxlIjoiYWJvdXQtMiJ9\">\n\t\t\t\t\t\t\t<img decoding=\"async\" width=\"602\" height=\"804\" src=\"https:\/\/aplieplus.com\/wp-content\/uploads\/2024\/05\/about-2.jpg\" class=\"attachment-large size-large wp-image-363\" alt=\"\" srcset=\"https:\/\/aplieplus.com\/wp-content\/uploads\/2024\/05\/about-2.jpg 602w, https:\/\/aplieplus.com\/wp-content\/uploads\/2024\/05\/about-2-225x300.jpg 225w, https:\/\/aplieplus.com\/wp-content\/uploads\/2024\/05\/about-2-600x801.jpg 600w\" sizes=\"(max-width: 602px) 100vw, 602px\" title=\"\">\t\t\t\t\t\t\t\t<\/a>\n\t\t\t\t\t\t\t\t\t\t\t\t\t\t\t<\/div>\n\t\t\t\t<\/div>\n\t\t\t\t\t<\/div>\n\t\t<\/div>\n\t\t\t\t\t<\/div>\n\t\t<\/section>\n\t\t\t\t<section class=\"elementor-section elementor-inner-section elementor-element elementor-element-3fe172c elementor-section-boxed elementor-section-height-default elementor-section-height-default\" data-id=\"3fe172c\" data-element_type=\"section\" data-e-type=\"section\">\n\t\t\t\t\t\t<div class=\"elementor-container elementor-column-gap-default\">\n\t\t\t\t\t<div class=\"elementor-column elementor-col-50 elementor-inner-column elementor-element elementor-element-7d12fce\" data-id=\"7d12fce\" data-element_type=\"column\" data-e-type=\"column\">\n\t\t\t<div class=\"elementor-widget-wrap elementor-element-populated\">\n\t\t\t\t\t\t<div class=\"elementor-element elementor-element-4a406e1 animated-slow elementor-invisible elementor-widget elementor-widget-image\" data-id=\"4a406e1\" data-element_type=\"widget\" data-e-type=\"widget\" data-settings=\"{&quot;_animation&quot;:&quot;fadeInUp&quot;}\" data-widget_type=\"image.default\">\n\t\t\t\t<div class=\"elementor-widget-container\">\n\t\t\t\t\t\t\t\t\t\t\t\t\t\t\t<img loading=\"lazy\" decoding=\"async\" width=\"489\" height=\"184\" src=\"https:\/\/aplieplus.com\/wp-content\/uploads\/2024\/05\/about-5.jpg\" class=\"attachment-large size-large wp-image-373\" alt=\"Prot\u00e8ge-orteils pour la danse classique\" srcset=\"https:\/\/aplieplus.com\/wp-content\/uploads\/2024\/05\/about-5.jpg 489w, https:\/\/aplieplus.com\/wp-content\/uploads\/2024\/05\/about-5-300x113.jpg 300w\" sizes=\"(max-width: 489px) 100vw, 489px\" title=\"\">\t\t\t\t\t\t\t\t\t\t\t\t\t\t\t<\/div>\n\t\t\t\t<\/div>\n\t\t\t\t\t<\/div>\n\t\t<\/div>\n\t\t\t\t<div class=\"elementor-column elementor-col-50 elementor-inner-column elementor-element elementor-element-db3b3dd animated-slow elementor-invisible\" data-id=\"db3b3dd\" data-element_type=\"column\" data-e-type=\"column\" data-settings=\"{&quot;animation&quot;:&quot;fadeInUp&quot;}\">\n\t\t\t<div class=\"elementor-widget-wrap elementor-element-populated\">\n\t\t\t\t\t\t<div class=\"elementor-element elementor-element-5298598 elementor-invisible elementor-widget elementor-widget-text-editor\" data-id=\"5298598\" data-element_type=\"widget\" data-e-type=\"widget\" data-settings=\"{&quot;_animation&quot;:&quot;fadeInUp&quot;}\" data-widget_type=\"text-editor.default\">\n\t\t\t\t<div class=\"elementor-widget-container\">\n\t\t\t\t\t\t\t\t\t<p>Mat\u00e9riaux et entretien<\/p>\t\t\t\t\t\t\t\t<\/div>\n\t\t\t\t<\/div>\n\t\t\t\t<div class=\"elementor-element elementor-element-36aefb7 elementor-widget elementor-widget-text-editor\" data-id=\"36aefb7\" data-element_type=\"widget\" data-e-type=\"widget\" data-widget_type=\"text-editor.default\">\n\t\t\t\t<div class=\"elementor-widget-container\">\n\t\t\t\t\t\t\t\t\t<p>100% silicone pur, pigments. Hypoallerg\u00e9nique.<br \/>Laver \u00e0 la main avec un savon au PH neutre. S\u00e9cher \u00e0 l'air libre.<br \/>\u00c9vite le contact avec des objets tranchants.<\/p>\t\t\t\t\t\t\t\t<\/div>\n\t\t\t\t<\/div>\n\t\t\t\t<div class=\"elementor-element elementor-element-108298c elementor-hidden-desktop elementor-hidden-tablet elementor-hidden-mobile elementor-widget elementor-widget-tp-button\" data-id=\"108298c\" data-element_type=\"widget\" data-e-type=\"widget\" data-widget_type=\"tp-button.default\">\n\t\t\t\t<div class=\"elementor-widget-container\">\n\t\t\t\t\t<div class=\"pt-plus-button-wrapper   text-left text--mobilecenter\"><div class=\"button_parallax\"><div id=\"button69dc8cb7441dd\"  class=\"text-left text--mobilecenter ts-button content_hover_effect\" ><div class=\"pt_plus_button btn69dc8cb7441dc button-style-7\"  ><div class=\"animted-content-inner\"><a href=\"https:\/\/aplieplus.com\/fr\/shop\/\" class=\"button-link-wrap\" role=\"button\" data-hover=\"Shop\" >Shop<span class=\"btn-arrow\"><\/span><\/a><\/div><\/div><\/div><\/div><\/div>\t\t\t\t<\/div>\n\t\t\t\t<\/div>\n\t\t\t\t<div class=\"elementor-element elementor-element-c2a8673 elementor-widget elementor-widget-button\" data-id=\"c2a8673\" data-element_type=\"widget\" data-e-type=\"widget\" data-widget_type=\"button.default\">\n\t\t\t\t<div class=\"elementor-widget-container\">\n\t\t\t\t\t\t\t\t\t<div class=\"elementor-button-wrapper\">\n\t\t\t\t\t<a class=\"elementor-button elementor-button-link elementor-size-sm\" href=\"https:\/\/aplieplus.com\/shop\/\">\n\t\t\t\t\t\t<span class=\"elementor-button-content-wrapper\">\n\t\t\t\t\t\t<span class=\"elementor-button-icon\">\n\t\t\t\t<svg aria-hidden=\"true\" class=\"e-font-icon-svg e-fas-angle-right\" viewbox=\"0 0 256 512\" xmlns=\"http:\/\/www.w3.org\/2000\/svg\"><path d=\"M224.3 273l-136 136c-9.4 9.4-24.6 9.4-33.9 0l-22.6-22.6c-9.4-9.4-9.4-24.6 0-33.9l96.4-96.4-96.4-96.4c-9.4-9.4-9.4-24.6 0-33.9L54.3 103c9.4-9.4 24.6-9.4 33.9 0l136 136c9.5 9.4 9.5 24.6.1 34z\"><\/path><\/svg>\t\t\t<\/span>\n\t\t\t\t\t\t\t\t\t<span class=\"elementor-button-text\">Shop<\/span>\n\t\t\t\t\t<\/span>\n\t\t\t\t\t<\/a>\n\t\t\t\t<\/div>\n\t\t\t\t\t\t\t\t<\/div>\n\t\t\t\t<\/div>\n\t\t\t\t\t<\/div>\n\t\t<\/div>\n\t\t\t\t\t<\/div>\n\t\t<\/section>\n\t\t\t\t<section class=\"elementor-section elementor-inner-section elementor-element elementor-element-9311f8f elementor-reverse-tablet elementor-section-boxed elementor-section-height-default elementor-section-height-default\" data-id=\"9311f8f\" data-element_type=\"section\" data-e-type=\"section\">\n\t\t\t\t\t\t<div class=\"elementor-container elementor-column-gap-default\">\n\t\t\t\t\t<div class=\"elementor-column elementor-col-50 elementor-inner-column elementor-element elementor-element-b935dc4 animated-slow elementor-invisible\" data-id=\"b935dc4\" data-element_type=\"column\" data-e-type=\"column\" data-settings=\"{&quot;animation&quot;:&quot;fadeInUp&quot;}\">\n\t\t\t<div class=\"elementor-widget-wrap elementor-element-populated\">\n\t\t\t\t\t\t<div class=\"elementor-element elementor-element-cf2b5d8 elementor-invisible elementor-widget elementor-widget-text-editor\" data-id=\"cf2b5d8\" data-element_type=\"widget\" data-e-type=\"widget\" data-settings=\"{&quot;_animation&quot;:&quot;fadeInUp&quot;}\" data-widget_type=\"text-editor.default\">\n\t\t\t\t<div class=\"elementor-widget-container\">\n\t\t\t\t\t\t\t\t\t<p>Nos prot\u00e8ge-orteils<\/p>\t\t\t\t\t\t\t\t<\/div>\n\t\t\t\t<\/div>\n\t\t\t\t<div class=\"elementor-element elementor-element-1cb8f6d elementor-widget elementor-widget-text-editor\" data-id=\"1cb8f6d\" data-element_type=\"widget\" data-e-type=\"widget\" data-widget_type=\"text-editor.default\">\n\t\t\t\t<div class=\"elementor-widget-container\">\n\t\t\t\t\t\t\t\t\t<p>D\u00e9couvre les prot\u00e8ge-pointes \"Dancelets\" - ton arme secr\u00e8te pour une exp\u00e9rience de danse sans douleur et sans souci ! Si tu aimes passionn\u00e9ment la danse, tu sais \u00e0 quel point il est important que chaque entra\u00eenement et chaque repr\u00e9sentation se d\u00e9roulent sans distractions de douleurs et d'inconfort. Nos dancelets t'offrent exactement cela : une protection optimale et un confort maximal pour que tu puisses te concentrer enti\u00e8rement sur ton expression.<\/p><p>Imagine la sensation de danser dans des chaussons de pointe parfaits, tandis que les dancelets enveloppent d\u00e9licatement tes pieds comme une seconde peau. Nous avons d\u00e9velopp\u00e9 un silicone innovant qui est non seulement exceptionnellement \u00e9lastique et solide, mais qui absorbe \u00e9galement les chocs et offre un rebond bien dos\u00e9. Ces caract\u00e9ristiques te permettent de ressentir la l\u00e9g\u00e8ret\u00e9 de la danse, m\u00eame lors d'entra\u00eenements intensifs.<\/p><p>Les dancelets ne sont pas seulement fonctionnels, mais aussi esth\u00e9tiques. Avec des teintes semi-transparentes, elles s'int\u00e8grent harmonieusement dans ton ensemble de danse classique. Choisis entre un blanc poudr\u00e9 ou un saumon d\u00e9licat pour la variante ultra-soft et un rose clair pour la variante medium-soft - tu peux ainsi non seulement souligner ton style, mais aussi distinguer la douceur de la mati\u00e8re.<\/p><p>Fais confiance \u00e0 la grande r\u00e9sistance de nos produits ! Les dancelets conservent leur forme, m\u00eame lorsqu'ils sont mouill\u00e9s ou apr\u00e8s un lavage. Utilis\u00e9s avec soin, ils t'accompagneront pendant des ann\u00e9es et t'assureront le confort que tu m\u00e9rites.<\/p><p>Offre-toi le sentiment de s\u00e9curit\u00e9 et de libert\u00e9 en dansant avec nos dancelets. Laisse-toi s\u00e9duire par la technologie innovante et d\u00e9couvre ce que signifie danser sans douleur ! Visite d\u00e8s maintenant notre site web et procure-toi tes dancelets parfaits - pour des moments inoubliables sur sc\u00e8ne !<\/p>\t\t\t\t\t\t\t\t<\/div>\n\t\t\t\t<\/div>\n\t\t\t\t\t<\/div>\n\t\t<\/div>\n\t\t\t\t<div class=\"elementor-column elementor-col-50 elementor-inner-column elementor-element elementor-element-29388e3\" data-id=\"29388e3\" data-element_type=\"column\" data-e-type=\"column\">\n\t\t\t<div class=\"elementor-widget-wrap elementor-element-populated\">\n\t\t\t\t\t\t<div class=\"elementor-element elementor-element-b23e741 animated-slow elementor-invisible elementor-widget elementor-widget-image\" data-id=\"b23e741\" data-element_type=\"widget\" data-e-type=\"widget\" data-settings=\"{&quot;_animation&quot;:&quot;fadeInUp&quot;}\" data-widget_type=\"image.default\">\n\t\t\t\t<div class=\"elementor-widget-container\">\n\t\t\t\t\t\t\t\t\t\t\t\t\t\t\t<img loading=\"lazy\" decoding=\"async\" width=\"578\" height=\"509\" src=\"https:\/\/aplieplus.com\/wp-content\/uploads\/2024\/05\/about-6.jpg\" class=\"attachment-large size-large wp-image-374\" alt=\"\" srcset=\"https:\/\/aplieplus.com\/wp-content\/uploads\/2024\/05\/about-6.jpg 578w, https:\/\/aplieplus.com\/wp-content\/uploads\/2024\/05\/about-6-300x264.jpg 300w\" sizes=\"(max-width: 578px) 100vw, 578px\" title=\"\">\t\t\t\t\t\t\t\t\t\t\t\t\t\t\t<\/div>\n\t\t\t\t<\/div>\n\t\t\t\t\t<\/div>\n\t\t<\/div>\n\t\t\t\t\t<\/div>\n\t\t<\/section>\n\t\t\t\t<div class=\"elementor-element elementor-element-09bfb5f elementor-align-center elementor-mobile-align-justify elementor-invisible elementor-widget elementor-widget-button\" data-id=\"09bfb5f\" data-element_type=\"widget\" data-e-type=\"widget\" data-settings=\"{&quot;_animation&quot;:&quot;fadeIn&quot;}\" data-widget_type=\"button.default\">\n\t\t\t\t<div class=\"elementor-widget-container\">\n\t\t\t\t\t\t\t\t\t<div class=\"elementor-button-wrapper\">\n\t\t\t\t\t<a class=\"elementor-button elementor-button-link elementor-size-sm\" href=\"https:\/\/aplieplus.com\/fr\/shop\/\">\n\t\t\t\t\t\t<span class=\"elementor-button-content-wrapper\">\n\t\t\t\t\t\t\t\t\t<span class=\"elementor-button-text\">Shop<\/span>\n\t\t\t\t\t<\/span>\n\t\t\t\t\t<\/a>\n\t\t\t\t<\/div>\n\t\t\t\t\t\t\t\t<\/div>\n\t\t\t\t<\/div>\n\t\t\t\t\t<\/div>\n\t\t<\/div>\n\t\t\t\t\t<\/div>\n\t\t<\/section>\n\t\t\t\t<\/div>","protected":false},"excerpt":{"rendered":"<p>\u00dcber uns Wir sind das kreative Team von Apli\u00e9plus! Wir sind ein leidenschaftliches Team, das nicht nur \u00fcber tiefgehendes Fachwissen in der Materialchemie verf\u00fcgt, sondern auch innovative Produkte f\u00fcr den medizinischen Sektor und den Sport entwickelt \u2013 und das Beste daran? Wir sind selbst T\u00e4nzer! Hast du dir jemals gew\u00fcnscht, beim klassischen Tanz schmerzfrei zu [&hellip;]<\/p>\n","protected":false},"author":2,"featured_media":0,"parent":0,"menu_order":0,"comment_status":"closed","ping_status":"closed","template":"","meta":{"footnotes":""},"class_list":["post-15","page","type-page","status-publish","hentry"],"_links":{"self":[{"href":"https:\/\/aplieplus.com\/fr\/wp-json\/wp\/v2\/pages\/15","targetHints":{"allow":["GET"]}}],"collection":[{"href":"https:\/\/aplieplus.com\/fr\/wp-json\/wp\/v2\/pages"}],"about":[{"href":"https:\/\/aplieplus.com\/fr\/wp-json\/wp\/v2\/types\/page"}],"author":[{"embeddable":true,"href":"https:\/\/aplieplus.com\/fr\/wp-json\/wp\/v2\/users\/2"}],"replies":[{"embeddable":true,"href":"https:\/\/aplieplus.com\/fr\/wp-json\/wp\/v2\/comments?post=15"}],"version-history":[{"count":146,"href":"https:\/\/aplieplus.com\/fr\/wp-json\/wp\/v2\/pages\/15\/revisions"}],"predecessor-version":[{"id":2720,"href":"https:\/\/aplieplus.com\/fr\/wp-json\/wp\/v2\/pages\/15\/revisions\/2720"}],"wp:attachment":[{"href":"https:\/\/aplieplus.com\/fr\/wp-json\/wp\/v2\/media?parent=15"}],"curies":[{"name":"wp","href":"https:\/\/api.w.org\/{rel}","templated":true}]}}