{"id":25,"date":"2024-05-08T11:41:13","date_gmt":"2024-05-08T11:41:13","guid":{"rendered":"https:\/\/plieplus.de\/?page_id=25"},"modified":"2024-11-21T16:51:15","modified_gmt":"2024-11-21T15:51:15","slug":"shipment","status":"publish","type":"page","link":"https:\/\/aplieplus.com\/fr\/shipment\/","title":{"rendered":"Exp\u00e9dition"},"content":{"rendered":"<div data-elementor-type=\"wp-page\" data-elementor-id=\"25\" class=\"elementor elementor-25\" data-elementor-post-type=\"page\">\n\t\t\t\t\t\t<section class=\"elementor-section elementor-top-section elementor-element elementor-element-ba62b56 elementor-section-boxed elementor-section-height-default elementor-section-height-default\" data-id=\"ba62b56\" data-element_type=\"section\" data-e-type=\"section\">\n\t\t\t\t\t\t<div class=\"elementor-container elementor-column-gap-default\">\n\t\t\t\t\t<div class=\"elementor-column elementor-col-100 elementor-top-column elementor-element elementor-element-a4b15ca\" data-id=\"a4b15ca\" data-element_type=\"column\" data-e-type=\"column\">\n\t\t\t<div class=\"elementor-widget-wrap elementor-element-populated\">\n\t\t\t\t\t\t<div class=\"elementor-element elementor-element-96f7e4a elementor-widget elementor-widget-text-editor\" data-id=\"96f7e4a\" data-element_type=\"widget\" data-e-type=\"widget\" data-widget_type=\"text-editor.default\">\n\t\t\t\t<div class=\"elementor-widget-container\">\n\t\t\t\t\t\t\t\t\tLivraison\t\t\t\t\t\t\t\t<\/div>\n\t\t\t\t<\/div>\n\t\t\t\t<div class=\"elementor-element elementor-element-7a118f5 elementor-invisible elementor-widget elementor-widget-text-editor\" data-id=\"7a118f5\" data-element_type=\"widget\" data-e-type=\"widget\" data-settings=\"{&quot;_animation&quot;:&quot;fadeInUp&quot;}\" data-widget_type=\"text-editor.default\">\n\t\t\t\t<div class=\"elementor-widget-container\">\n\t\t\t\t\t\t\t\t\t<h1><strong>Conditions d'exp\u00e9dition pour la boutique en ligne Aplieplus<\/strong><\/h1><p>Chez Aplieplus, nous voulons nous assurer que vos produits innovants vous soient livr\u00e9s rapidement et de mani\u00e8re fiable. Voici le d\u00e9tail de nos conditions d'exp\u00e9dition :<\/p><ul><li><strong>Partenaire d'exp\u00e9dition<\/strong>Nous envoyons toutes les commandes par la Poste Suisse en envoi standard. Nous garantissons ainsi une livraison s\u00fbre et rapide.<\/li><\/ul><ul><li><strong>Frais d'exp\u00e9dition<\/strong>Les frais de livraison sont factur\u00e9s s\u00e9par\u00e9ment et sont clairement indiqu\u00e9s au moment du paiement. Nous tenons \u00e0 ce que vous ayez \u00e0 tout moment une transparence totale sur les frais encourus.<\/li><\/ul><p>\u00a0<\/p><p>** Modes de paiement et d'exp\u00e9dition** :<\/p><ul><li><strong>Paiement anticip\u00e9<\/strong>Si vous choisissez ce mode de paiement, nous vous enverrons votre commande d\u00e8s que le paiement aura \u00e9t\u00e9 enregistr\u00e9 sur notre compte.<\/li><\/ul><ul><li><strong>Paiement par carte de cr\u00e9dit<\/strong>Si vous choisissez de payer par carte de cr\u00e9dit, nous vous enverrons vos produits imm\u00e9diatement apr\u00e8s la confirmation de votre paiement.<\/li><\/ul><p>Nous sommes heureux de vous aider avec nos produits dans le domaine de la danse et esp\u00e9rons que vous aurez beaucoup de plaisir \u00e0 vous entra\u00eener ! N'h\u00e9sitez pas \u00e0 nous contacter si vous avez d'autres questions concernant nos conditions d'exp\u00e9dition.<\/p>\t\t\t\t\t\t\t\t<\/div>\n\t\t\t\t<\/div>\n\t\t\t\t\t<\/div>\n\t\t<\/div>\n\t\t\t\t\t<\/div>\n\t\t<\/section>\n\t\t\t\t<\/div>","protected":false},"excerpt":{"rendered":"<p>Delivery Versandbestimmungen f\u00fcr den Aplieplus Online-Shop Bei Aplieplus m\u00f6chten wir sicherstellen, dass Ihnen Ihre innovativen Produkte schnell und zuverl\u00e4ssig zugestellt werden. Hier sind unsere Versandbestimmungen im Detail: Versandpartner: Wir versenden alle Bestellungen mit der Post Schweiz als Standardsendung. Dadurch garantieren wir eine sichere und z\u00fcgige Lieferung. Versandkosten: Die Versandkosten werden gesondert in Rechnung gestellt und [&hellip;]<\/p>\n","protected":false},"author":2,"featured_media":0,"parent":0,"menu_order":0,"comment_status":"closed","ping_status":"closed","template":"","meta":{"footnotes":""},"class_list":["post-25","page","type-page","status-publish","hentry"],"_links":{"self":[{"href":"https:\/\/aplieplus.com\/fr\/wp-json\/wp\/v2\/pages\/25","targetHints":{"allow":["GET"]}}],"collection":[{"href":"https:\/\/aplieplus.com\/fr\/wp-json\/wp\/v2\/pages"}],"about":[{"href":"https:\/\/aplieplus.com\/fr\/wp-json\/wp\/v2\/types\/page"}],"author":[{"embeddable":true,"href":"https:\/\/aplieplus.com\/fr\/wp-json\/wp\/v2\/users\/2"}],"replies":[{"embeddable":true,"href":"https:\/\/aplieplus.com\/fr\/wp-json\/wp\/v2\/comments?post=25"}],"version-history":[{"count":11,"href":"https:\/\/aplieplus.com\/fr\/wp-json\/wp\/v2\/pages\/25\/revisions"}],"predecessor-version":[{"id":2867,"href":"https:\/\/aplieplus.com\/fr\/wp-json\/wp\/v2\/pages\/25\/revisions\/2867"}],"wp:attachment":[{"href":"https:\/\/aplieplus.com\/fr\/wp-json\/wp\/v2\/media?parent=25"}],"curies":[{"name":"wp","href":"https:\/\/api.w.org\/{rel}","templated":true}]}}