{"id":27,"date":"2024-05-08T11:41:22","date_gmt":"2024-05-08T11:41:22","guid":{"rendered":"https:\/\/plieplus.de\/?page_id=27"},"modified":"2024-11-21T16:55:29","modified_gmt":"2024-11-21T15:55:29","slug":"paiements","status":"publish","type":"page","link":"https:\/\/aplieplus.com\/fr\/paiements\/","title":{"rendered":"Paiements"},"content":{"rendered":"<div data-elementor-type=\"wp-page\" data-elementor-id=\"27\" class=\"elementor elementor-27\" data-elementor-post-type=\"page\">\n\t\t\t\t\t\t<section class=\"elementor-section elementor-top-section elementor-element elementor-element-8df2afd elementor-section-boxed elementor-section-height-default elementor-section-height-default\" data-id=\"8df2afd\" data-element_type=\"section\" data-e-type=\"section\">\n\t\t\t\t\t\t<div class=\"elementor-container elementor-column-gap-default\">\n\t\t\t\t\t<div class=\"elementor-column elementor-col-100 elementor-top-column elementor-element elementor-element-47e5cc4\" data-id=\"47e5cc4\" data-element_type=\"column\" data-e-type=\"column\">\n\t\t\t<div class=\"elementor-widget-wrap elementor-element-populated\">\n\t\t\t\t\t\t<div class=\"elementor-element elementor-element-60f8235 elementor-widget elementor-widget-text-editor\" data-id=\"60f8235\" data-element_type=\"widget\" data-e-type=\"widget\" data-widget_type=\"text-editor.default\">\n\t\t\t\t<div class=\"elementor-widget-container\">\n\t\t\t\t\t\t\t\t\t<p>Paiements<\/p>\t\t\t\t\t\t\t\t<\/div>\n\t\t\t\t<\/div>\n\t\t\t\t<div class=\"elementor-element elementor-element-f31c39a elementor-invisible elementor-widget elementor-widget-text-editor\" data-id=\"f31c39a\" data-element_type=\"widget\" data-e-type=\"widget\" data-settings=\"{&quot;_animation&quot;:&quot;fadeInUp&quot;}\" data-widget_type=\"text-editor.default\">\n\t\t\t\t<div class=\"elementor-widget-container\">\n\t\t\t\t\t\t\t\t\t<h1>Modes de paiement et exp\u00e9dition<\/h1><ul><li><strong>Paiement anticip\u00e9<\/strong>Si vous choisissez ce mode de paiement, nous vous enverrons votre commande d\u00e8s que le paiement aura \u00e9t\u00e9 enregistr\u00e9 sur notre compte.<\/li><\/ul><ul><li><strong>Paiement par carte de cr\u00e9dit<\/strong>Si vous choisissez de payer par carte de cr\u00e9dit, nous vous enverrons vos produits imm\u00e9diatement apr\u00e8s la confirmation de votre paiement.<\/li><\/ul><p>\u00a0<\/p><p>Nous sommes heureux de vous aider avec nos produits dans le domaine de la danse et esp\u00e9rons que vous aurez beaucoup de plaisir \u00e0 vous entra\u00eener ! N'h\u00e9sitez pas \u00e0 nous contacter si vous avez d'autres questions concernant nos conditions de paiement.<\/p>\t\t\t\t\t\t\t\t<\/div>\n\t\t\t\t<\/div>\n\t\t\t\t\t<\/div>\n\t\t<\/div>\n\t\t\t\t\t<\/div>\n\t\t<\/section>\n\t\t\t\t<\/div>","protected":false},"excerpt":{"rendered":"<p>Payments Zahlungsarten und Versand Vorauskasse: Bei dieser Zahlungsart versenden wir Ihre Bestellung, sobald der Zahlungseingang auf unserem Konto verbucht ist. Kreditkartenzahlung: Wenn Sie sich f\u00fcr die Zahlung mit Kreditkarte entscheiden, versenden wir Ihre Produkte umgehend nach der Best\u00e4tigung der Zahlung. \u00a0 Wir freuen uns, Ihnen mit unseren Produkten im Tanzbereich zu helfen und hoffen, dass [&hellip;]<\/p>\n","protected":false},"author":2,"featured_media":0,"parent":0,"menu_order":0,"comment_status":"closed","ping_status":"closed","template":"","meta":{"footnotes":""},"class_list":["post-27","page","type-page","status-publish","hentry"],"_links":{"self":[{"href":"https:\/\/aplieplus.com\/fr\/wp-json\/wp\/v2\/pages\/27","targetHints":{"allow":["GET"]}}],"collection":[{"href":"https:\/\/aplieplus.com\/fr\/wp-json\/wp\/v2\/pages"}],"about":[{"href":"https:\/\/aplieplus.com\/fr\/wp-json\/wp\/v2\/types\/page"}],"author":[{"embeddable":true,"href":"https:\/\/aplieplus.com\/fr\/wp-json\/wp\/v2\/users\/2"}],"replies":[{"embeddable":true,"href":"https:\/\/aplieplus.com\/fr\/wp-json\/wp\/v2\/comments?post=27"}],"version-history":[{"count":16,"href":"https:\/\/aplieplus.com\/fr\/wp-json\/wp\/v2\/pages\/27\/revisions"}],"predecessor-version":[{"id":2876,"href":"https:\/\/aplieplus.com\/fr\/wp-json\/wp\/v2\/pages\/27\/revisions\/2876"}],"wp:attachment":[{"href":"https:\/\/aplieplus.com\/fr\/wp-json\/wp\/v2\/media?parent=27"}],"curies":[{"name":"wp","href":"https:\/\/api.w.org\/{rel}","templated":true}]}}