{"id":2889,"date":"2024-11-21T19:39:00","date_gmt":"2024-11-21T18:39:00","guid":{"rendered":"https:\/\/aplieplus.com\/?page_id=2889"},"modified":"2024-11-21T20:26:21","modified_gmt":"2024-11-21T19:26:21","slug":"collaboration","status":"publish","type":"page","link":"https:\/\/aplieplus.com\/fr\/collaboration\/","title":{"rendered":"Collaboration"},"content":{"rendered":"<div data-elementor-type=\"wp-page\" data-elementor-id=\"2889\" class=\"elementor elementor-2889\" data-elementor-post-type=\"page\">\n\t\t\t\t\t\t<section class=\"elementor-section elementor-top-section elementor-element elementor-element-f182681 elementor-section-boxed elementor-section-height-default elementor-section-height-default\" data-id=\"f182681\" data-element_type=\"section\" data-e-type=\"section\" data-settings=\"{&quot;background_background&quot;:&quot;classic&quot;}\">\n\t\t\t\t\t\t<div class=\"elementor-container elementor-column-gap-default\">\n\t\t\t\t\t<div class=\"elementor-column elementor-col-100 elementor-top-column elementor-element elementor-element-229efdc\" data-id=\"229efdc\" data-element_type=\"column\" data-e-type=\"column\">\n\t\t\t<div class=\"elementor-widget-wrap elementor-element-populated\">\n\t\t\t\t\t\t<section class=\"elementor-section elementor-inner-section elementor-element elementor-element-e09eca6 elementor-section-boxed elementor-section-height-default elementor-section-height-default\" data-id=\"e09eca6\" data-element_type=\"section\" data-e-type=\"section\">\n\t\t\t\t\t\t<div class=\"elementor-container elementor-column-gap-default\">\n\t\t\t\t\t<div class=\"elementor-column elementor-col-100 elementor-inner-column elementor-element elementor-element-30bd0de\" data-id=\"30bd0de\" data-element_type=\"column\" data-e-type=\"column\">\n\t\t\t<div class=\"elementor-widget-wrap elementor-element-populated\">\n\t\t\t\t\t\t<div class=\"elementor-element elementor-element-922d848 elementor-invisible elementor-widget elementor-widget-heading\" data-id=\"922d848\" data-element_type=\"widget\" data-e-type=\"widget\" data-settings=\"{&quot;_animation&quot;:&quot;fadeInUp&quot;}\" data-widget_type=\"heading.default\">\n\t\t\t\t<div class=\"elementor-widget-container\">\n\t\t\t\t\t<h2 class=\"elementor-heading-title elementor-size-default\">Coop\u00e9ration<\/h2>\t\t\t\t<\/div>\n\t\t\t\t<\/div>\n\t\t\t\t\t<\/div>\n\t\t<\/div>\n\t\t\t\t\t<\/div>\n\t\t<\/section>\n\t\t\t\t<div class=\"elementor-element elementor-element-91b6095 elementor-align-center elementor-mobile-align-justify elementor-invisible elementor-widget elementor-widget-button\" data-id=\"91b6095\" data-element_type=\"widget\" data-e-type=\"widget\" data-settings=\"{&quot;_animation&quot;:&quot;fadeIn&quot;}\" data-widget_type=\"button.default\">\n\t\t\t\t<div class=\"elementor-widget-container\">\n\t\t\t\t\t\t\t\t\t<div class=\"elementor-button-wrapper\">\n\t\t\t\t\t<a class=\"elementor-button elementor-button-link elementor-size-sm\" href=\"https:\/\/aplieplus.com\/fr\/contact\/\">\n\t\t\t\t\t\t<span class=\"elementor-button-content-wrapper\">\n\t\t\t\t\t\t\t\t\t<span class=\"elementor-button-text\">Contact<\/span>\n\t\t\t\t\t<\/span>\n\t\t\t\t\t<\/a>\n\t\t\t\t<\/div>\n\t\t\t\t\t\t\t\t<\/div>\n\t\t\t\t<\/div>\n\t\t\t\t<section class=\"elementor-section elementor-inner-section elementor-element elementor-element-680a9b9 elementor-section-boxed elementor-section-height-default elementor-section-height-default\" data-id=\"680a9b9\" data-element_type=\"section\" data-e-type=\"section\">\n\t\t\t\t\t\t<div class=\"elementor-container elementor-column-gap-default\">\n\t\t\t\t\t<div class=\"elementor-column elementor-col-50 elementor-inner-column elementor-element elementor-element-1dc15fc\" data-id=\"1dc15fc\" data-element_type=\"column\" data-e-type=\"column\">\n\t\t\t<div class=\"elementor-widget-wrap elementor-element-populated\">\n\t\t\t\t\t\t<div class=\"elementor-element elementor-element-fc03051 animated-slow elementor-invisible elementor-widget elementor-widget-image\" data-id=\"fc03051\" data-element_type=\"widget\" data-e-type=\"widget\" data-settings=\"{&quot;_animation&quot;:&quot;fadeInUp&quot;}\" data-widget_type=\"image.default\">\n\t\t\t\t<div class=\"elementor-widget-container\">\n\t\t\t\t\t\t\t\t\t\t\t\t\t\t\t<img fetchpriority=\"high\" decoding=\"async\" width=\"683\" height=\"1024\" src=\"https:\/\/aplieplus.com\/wp-content\/uploads\/2024\/11\/0P8A0124-683x1024.jpg\" class=\"attachment-large size-large wp-image-2916\" alt=\"\" srcset=\"https:\/\/aplieplus.com\/wp-content\/uploads\/2024\/11\/0P8A0124-683x1024.jpg 683w, https:\/\/aplieplus.com\/wp-content\/uploads\/2024\/11\/0P8A0124-200x300.jpg 200w, https:\/\/aplieplus.com\/wp-content\/uploads\/2024\/11\/0P8A0124-768x1151.jpg 768w, https:\/\/aplieplus.com\/wp-content\/uploads\/2024\/11\/0P8A0124-1024x1536.jpg 1024w, https:\/\/aplieplus.com\/wp-content\/uploads\/2024\/11\/0P8A0124-1366x2048.jpg 1366w, https:\/\/aplieplus.com\/wp-content\/uploads\/2024\/11\/0P8A0124-8x12.jpg 8w, https:\/\/aplieplus.com\/wp-content\/uploads\/2024\/11\/0P8A0124-600x900.jpg 600w, https:\/\/aplieplus.com\/wp-content\/uploads\/2024\/11\/0P8A0124-scaled.jpg 1707w\" sizes=\"(max-width: 683px) 100vw, 683px\" title=\"\">\t\t\t\t\t\t\t\t\t\t\t\t\t\t\t<\/div>\n\t\t\t\t<\/div>\n\t\t\t\t\t<\/div>\n\t\t<\/div>\n\t\t\t\t<div class=\"elementor-column elementor-col-50 elementor-inner-column elementor-element elementor-element-c68e0c4\" data-id=\"c68e0c4\" data-element_type=\"column\" data-e-type=\"column\">\n\t\t\t<div class=\"elementor-widget-wrap elementor-element-populated\">\n\t\t\t\t\t\t<div class=\"elementor-element elementor-element-edfb817 elementor-invisible elementor-widget elementor-widget-text-editor\" data-id=\"edfb817\" data-element_type=\"widget\" data-e-type=\"widget\" data-settings=\"{&quot;_animation&quot;:&quot;fadeInUp&quot;}\" data-widget_type=\"text-editor.default\">\n\t\t\t\t<div class=\"elementor-widget-container\">\n\t\t\t\t\t\t\t\t\t<h1>Coop\u00e9ration avec Apli\u00e9plus - Danser ensemble, grandir ensemble !<\/h1>\t\t\t\t\t\t\t\t<\/div>\n\t\t\t\t<\/div>\n\t\t\t\t<div class=\"elementor-element elementor-element-d9b75a8 elementor-invisible elementor-widget elementor-widget-text-editor\" data-id=\"d9b75a8\" data-element_type=\"widget\" data-e-type=\"widget\" data-settings=\"{&quot;_animation&quot;:&quot;fadeInUp&quot;}\" data-widget_type=\"text-editor.default\">\n\t\t\t\t<div class=\"elementor-widget-container\">\n\t\t\t\t\t\t\t\t\t<h2>La force de la coop\u00e9ration<\/h2><p>Chez Apli\u00e9plus, nous croyons au pouvoir de la collaboration. C'est pourquoi nous sommes heureux d'offrir aux professionnels de la danse, aux compagnies de danse et aux fabricants de pointes une occasion unique de d\u00e9velopper ensemble des projets passionnants. Notre objectif est de soutenir \u00e0 la fois des danseuses talentueuses et des marques innovantes, et d'enrichir le monde de la danse.<\/p><h2>Innovation et projets<\/h2><p>Dans une interaction cr\u00e9ative, nous associons notre expertise technique et nos solutions de produits innovantes \u00e0 votre passion pour la danse. Nous mettons \u00e0 disposition des images de produits esth\u00e9tiques, des pr\u00e9sentations impressionnantes et des reels inspirants que vous pouvez int\u00e9grer de mani\u00e8re transparente dans vos contenus. Ainsi, vous aidez non seulement \u00e0 mettre en avant les avantages de nos produits, mais vous donnez \u00e9galement \u00e0 vos spectateurs un aper\u00e7u du monde d'Apli\u00e9plus.<\/p><p>\u00a0<\/p><h2>Plate-forme pour les talents<\/h2><p>De plus, nous sommes toujours \u00e0 la recherche de nouvelles fa\u00e7ons de promouvoir les jeunes talents. Si vos contenus correspondent \u00e0 nos valeurs et \u00e0 notre vision, nous vous invitons \u00e0 les int\u00e9grer dans nos productions. Nous cr\u00e9ons ainsi une plateforme sur laquelle nous pouvons d\u00e9velopper ensemble le potentiel des jeunes danseuses, et ce dans un environnement inspirant.<\/p><p>Nous savons \u00e0 quel point il est important d'\u00eatre visible dans le monde num\u00e9rique d'aujourd'hui et nous souhaitons vous aider \u00e0 augmenter votre port\u00e9e. Avec Apli\u00e9plus \u00e0 vos c\u00f4t\u00e9s, vous n'aurez pas seulement acc\u00e8s \u00e0 du mat\u00e9riel de qualit\u00e9, mais aussi \u00e0 un r\u00e9seau de personnes partageant la m\u00eame passion pour la danse.<\/p><h2>Ballet et danse<\/h2><p>Red\u00e9finissons ensemble les fronti\u00e8res de la danse classique et mettons en avant notre engagement pour la protection et la performance des danseuses. Si vous souhaitez en savoir plus sur nos possibilit\u00e9s de coop\u00e9ration, n'h\u00e9sitez pas \u00e0 nous contacter. Nous sommes impatients d'avoir de vos nouvelles et de r\u00e9aliser de grandes choses ensemble !<\/p>\t\t\t\t\t\t\t\t<\/div>\n\t\t\t\t<\/div>\n\t\t\t\t\t<\/div>\n\t\t<\/div>\n\t\t\t\t\t<\/div>\n\t\t<\/section>\n\t\t\t\t\t<\/div>\n\t\t<\/div>\n\t\t\t\t\t<\/div>\n\t\t<\/section>\n\t\t\t\t<\/div>","protected":false},"excerpt":{"rendered":"<p>Zusammenarbeit Contact Kooperationen mit Apli\u00e9plus \u2013 Gemeinsam tanzen, gemeinsam wachsen! Die Kraft der Zusammenarbeit Wir bei Apli\u00e9plus glauben an die Kraft der Zusammenarbeit. Deshalb freuen wir uns, Tanzschaffenden, Tanzcompagnien und Herstellern von Spitzenschuhen eine einzigartige M\u00f6glichkeit anzubieten, um gemeinsam mit uns spannende Projekte zu entwickeln. Unser Ziel ist es, sowohl talentierte T\u00e4nzerinnen als auch innovative [&hellip;]<\/p>\n","protected":false},"author":2,"featured_media":0,"parent":0,"menu_order":0,"comment_status":"closed","ping_status":"closed","template":"","meta":{"footnotes":""},"class_list":["post-2889","page","type-page","status-publish","hentry"],"_links":{"self":[{"href":"https:\/\/aplieplus.com\/fr\/wp-json\/wp\/v2\/pages\/2889","targetHints":{"allow":["GET"]}}],"collection":[{"href":"https:\/\/aplieplus.com\/fr\/wp-json\/wp\/v2\/pages"}],"about":[{"href":"https:\/\/aplieplus.com\/fr\/wp-json\/wp\/v2\/types\/page"}],"author":[{"embeddable":true,"href":"https:\/\/aplieplus.com\/fr\/wp-json\/wp\/v2\/users\/2"}],"replies":[{"embeddable":true,"href":"https:\/\/aplieplus.com\/fr\/wp-json\/wp\/v2\/comments?post=2889"}],"version-history":[{"count":42,"href":"https:\/\/aplieplus.com\/fr\/wp-json\/wp\/v2\/pages\/2889\/revisions"}],"predecessor-version":[{"id":2939,"href":"https:\/\/aplieplus.com\/fr\/wp-json\/wp\/v2\/pages\/2889\/revisions\/2939"}],"wp:attachment":[{"href":"https:\/\/aplieplus.com\/fr\/wp-json\/wp\/v2\/media?parent=2889"}],"curies":[{"name":"wp","href":"https:\/\/api.w.org\/{rel}","templated":true}]}}