{"id":62,"date":"2024-11-21T15:24:42","date_gmt":"2024-11-21T14:24:42","guid":{"rendered":"https:\/\/plieplus.de\/?page_id=62"},"modified":"2024-11-21T15:25:24","modified_gmt":"2024-11-21T14:25:24","slug":"refund_returns","status":"publish","type":"page","link":"https:\/\/aplieplus.com\/fr\/refund_returns\/","title":{"rendered":"\u00c9change et retour"},"content":{"rendered":"<h1><strong>Droit d'\u00e9change et de retour chez Aplieplus<\/strong><\/h1>\r\n<p>Chez Aplieplus, nous voulons nous assurer que vous \u00eates enti\u00e8rement satisfait de votre achat. Si, pour une raison quelconque, vous n'\u00eates pas satisfait de vos produits, nous vous offrons la possibilit\u00e9 de les \u00e9changer ou de les retourner sous certaines conditions.<\/p>\r\n<h2><strong>Conditions d'\u00e9change :<\/strong><\/h2>\r\n<ul>\r\n<li><strong>D\u00e9lai :<\/strong> L'\u00e9change peut avoir lieu au maximum 10 jours apr\u00e8s la r\u00e9ception des marchandises. Veuillez vous assurer d'agir dans ce d\u00e9lai.<\/li>\r\n<\/ul>\r\n<ul>\r\n<li><strong>\u00e9tat de la marchandise :<\/strong> Les articles doivent \u00eatre dans leur emballage d'origine, non utilis\u00e9s et en parfait \u00e9tat. Nous vous prions de traiter les produits avec soin afin qu'ils nous reviennent en parfait \u00e9tat.<\/li>\r\n<\/ul>\r\n<ul>\r\n<li><strong>Frais de retour :<\/strong> La r\u00e9exp\u00e9dition se fait aux frais et aux risques du client. Nous vous recommandons d'utiliser un syst\u00e8me de suivi pour vous assurer que votre retour arrive \u00e0 bon port.<\/li>\r\n<\/ul>\r\n<ul>\r\n<li><strong>\u00c9changes r\u00e9p\u00e9t\u00e9s :<\/strong> En cas d'\u00e9changes r\u00e9p\u00e9t\u00e9s, des frais de 10 CHF seront factur\u00e9s ou d\u00e9duits du bon \u00e0 partir du deuxi\u00e8me \u00e9change. Nous vous prions de comprendre que cela est n\u00e9cessaire pour couvrir les frais.<\/li>\r\n<\/ul>\r\n<ul>\r\n<li><strong>Retour unique :<\/strong> Chaque commande ne peut \u00eatre \u00e9chang\u00e9e qu'une seule fois. Toute autre demande d'\u00e9change ou de retour peut entra\u00eener des frais de traitement suppl\u00e9mentaires.<\/li>\r\n<\/ul>\r\n<p><strong>Que pouvez-vous attendre ?<\/strong> En cas d'\u00e9change, vous pouvez soit \u00e9changer la marchandise contre un autre produit, soit nous vous d\u00e9livrons un bon d'achat que vous pourrez utiliser pour de futurs achats. Un paiement du prix d'achat n'est malheureusement pas possible.<\/p>\r\n<h2><strong>Voici comment fonctionne l'\u00e9change :<\/strong><\/h2>\r\n<ol start=\"1\">\r\n<li>Contactez-nous dans les 10 jours suivant la r\u00e9ception de la marchandise. Veuillez nous indiquer quel produit vous souhaitez \u00e9changer.<\/li>\r\n<\/ol>\r\n<ol start=\"2\">\r\n<li>Emballez soigneusement la marchandise dans son emballage d'origine et envoyez-la \u00e0 l'adresse de retour indiqu\u00e9e.<\/li>\r\n<\/ol>\r\n<ol start=\"3\">\r\n<li>D\u00e8s que nous aurons re\u00e7u et v\u00e9rifi\u00e9 le retour, vous recevrez soit le produit souhait\u00e9, soit votre bon d'achat.<\/li>\r\n<\/ol>\r\n<p>Nous souhaitons que vous vous sentiez \u00e0 l'aise \u00e0 chaque fois que vous achetez chez Aplieplus et nous sommes \u00e0 votre disposition pour r\u00e9pondre \u00e0 vos questions ou pour vous donner plus de d\u00e9tails. Votre satisfaction est importante pour nous !<\/p>\r\n<p>Nous vous remercions d'avoir choisi Aplieplus !<\/p>","protected":false},"excerpt":{"rendered":"<p>Umtausch- und R\u00fcckgaberecht bei Aplieplus Wir von Aplieplus m\u00f6chten sicherstellen, dass Sie mit Ihrem Kauf rundum zufrieden sind. Sollten Sie aus irgendeinem Grund mit Ihren Produkten nicht gl\u00fccklich sein, bieten wir Ihnen die M\u00f6glichkeit, diese unter bestimmten Bedingungen umzutauschen oder zur\u00fcckzugeben. Umtauschbedingungen: Frist: Der Umtausch kann maximal 10 Tage nach Erhalt der Waren erfolgen. Bitte [&hellip;]<\/p>\n","protected":false},"author":2,"featured_media":0,"parent":0,"menu_order":0,"comment_status":"closed","ping_status":"closed","template":"","meta":{"footnotes":""},"class_list":["post-62","page","type-page","status-publish","hentry"],"_links":{"self":[{"href":"https:\/\/aplieplus.com\/fr\/wp-json\/wp\/v2\/pages\/62","targetHints":{"allow":["GET"]}}],"collection":[{"href":"https:\/\/aplieplus.com\/fr\/wp-json\/wp\/v2\/pages"}],"about":[{"href":"https:\/\/aplieplus.com\/fr\/wp-json\/wp\/v2\/types\/page"}],"author":[{"embeddable":true,"href":"https:\/\/aplieplus.com\/fr\/wp-json\/wp\/v2\/users\/2"}],"replies":[{"embeddable":true,"href":"https:\/\/aplieplus.com\/fr\/wp-json\/wp\/v2\/comments?post=62"}],"version-history":[{"count":2,"href":"https:\/\/aplieplus.com\/fr\/wp-json\/wp\/v2\/pages\/62\/revisions"}],"predecessor-version":[{"id":2857,"href":"https:\/\/aplieplus.com\/fr\/wp-json\/wp\/v2\/pages\/62\/revisions\/2857"}],"wp:attachment":[{"href":"https:\/\/aplieplus.com\/fr\/wp-json\/wp\/v2\/media?parent=62"}],"curies":[{"name":"wp","href":"https:\/\/api.w.org\/{rel}","templated":true}]}}