{"id":564,"date":"2026-01-06T09:59:51","date_gmt":"2026-01-06T08:59:51","guid":{"rendered":"https:\/\/plieplus.de\/?post_type=product&#038;p=564"},"modified":"2026-01-06T15:00:08","modified_gmt":"2026-01-06T14:00:08","slug":"danse-des-genouilleres","status":"publish","type":"product","link":"https:\/\/aplieplus.com\/fr\/produkt\/knieschuetzer-tanz\/","title":{"rendered":"Genouill\u00e8res pour la danse"},"content":{"rendered":"<p>Utilise les genouill\u00e8res beiges si tu souhaites les porter sous ton costume ou si elles doivent \u00eatre visibles. Gr\u00e2ce \u00e0 leur couleur chair, elles sont pratiquement invisibles sur sc\u00e8ne, notamment gr\u00e2ce \u00e0 la structure sp\u00e9ciale de leur surface. Nos genouill\u00e8res sont disponibles en 3 tailles. Notre ambassadrice de marque Claudia (sur la photo) porte la taille M.  La taille L est destin\u00e9e aux danseuses tr\u00e8s entra\u00een\u00e9es (par exemple break dance, patinage, skate) et la taille XL aux hommes. Contacte-nous si tu as des doutes.<\/p>\n<ul>\n<li>Prot\u00e8ge \u00e9galement l'int\u00e9rieur des genoux (!)<\/li>\n<li>Conception brevet\u00e9e<\/li>\n<li>Confortable \u00e0 l'int\u00e9rieur<\/li>\n<li>Presque invisible sur sc\u00e8ne, gr\u00e2ce \u00e0 sa couleur et \u00e0 sa structure<\/li>\n<li>Tr\u00e8s fin - se glisse sous un costume<\/li>\n<li>Id\u00e9al pour l'enseignement et la formation<\/li>\n<li>Le choix s\u00fbr<\/li>\n<\/ul>\n<p>&nbsp;<\/p>\n<p>Nos genouill\u00e8res offrent une protection optimale pour les points d'appui sollicit\u00e9s lors de la danse au sol, ce qui te permet de te concentrer pleinement sur tes performances. Gr\u00e2ce \u00e0 leur mati\u00e8re respirante et aux tailles M, L et XL disponibles, elles garantissent un confort et une libert\u00e9 de mouvement qui t'aideront \u00e0 danser sans douleur et en toute confiance.<\/p>","protected":false},"excerpt":{"rendered":"<ul>\n<li><strong>Une protection optimale :<\/strong> Nos genouill\u00e8res ont \u00e9t\u00e9 sp\u00e9cialement con\u00e7ues pour prot\u00e9ger les genoux au niveau des points d'appui les plus sollicit\u00e9s : la rotule, le tibia et l'int\u00e9rieur du genou.<\/li>\n<\/ul>\n<ul>\n<li><strong>Coupe confortable :<\/strong> Disponible en tailles M, L et XL, pour offrir \u00e0 chaque danseur un ajustement parfait.<\/li>\n<\/ul>\n<ul>\n<li><strong>Am\u00e9lioration des performances :<\/strong> Avec nos genouill\u00e8res, tu peux te concentrer enti\u00e8rement sur ta technique et tes performances, sans te soucier des \"bleus\".<\/li>\n<\/ul>\n<ul>\n<li><strong>Polyvalent :<\/strong> Id\u00e9al pour la danse au sol et autres styles de danse qui n\u00e9cessitent un contact intense avec le sol.<\/li>\n<\/ul>\n<ul>\n<li><strong>Design styl\u00e9 :<\/strong> Les \u00e9l\u00e9gantes genouill\u00e8res sont livr\u00e9es dans un sac pratique en organza, qui est non seulement \u00e9l\u00e9gant, mais aussi id\u00e9al pour le rangement et le transport.<\/li>\n<\/ul>","protected":false},"featured_media":3148,"comment_status":"closed","ping_status":"closed","template":"","meta":[],"product_brand":[],"product_cat":[31],"product_tag":[],"class_list":{"0":"post-564","1":"product","2":"type-product","3":"status-publish","4":"has-post-thumbnail","6":"product_cat-knieschuetzer-tanz-knieschoner-ballett","7":"product_shipping_class-normal_shipment","9":"first","10":"instock","11":"taxable","12":"shipping-taxable","13":"purchasable","14":"product-type-variable","15":"has-default-attributes"},"_links":{"self":[{"href":"https:\/\/aplieplus.com\/fr\/wp-json\/wp\/v2\/product\/564","targetHints":{"allow":["GET"]}}],"collection":[{"href":"https:\/\/aplieplus.com\/fr\/wp-json\/wp\/v2\/product"}],"about":[{"href":"https:\/\/aplieplus.com\/fr\/wp-json\/wp\/v2\/types\/product"}],"replies":[{"embeddable":true,"href":"https:\/\/aplieplus.com\/fr\/wp-json\/wp\/v2\/comments?post=564"}],"wp:featuredmedia":[{"embeddable":true,"href":"https:\/\/aplieplus.com\/fr\/wp-json\/wp\/v2\/media\/3148"}],"wp:attachment":[{"href":"https:\/\/aplieplus.com\/fr\/wp-json\/wp\/v2\/media?parent=564"}],"wp:term":[{"taxonomy":"product_brand","embeddable":true,"href":"https:\/\/aplieplus.com\/fr\/wp-json\/wp\/v2\/product_brand?post=564"},{"taxonomy":"product_cat","embeddable":true,"href":"https:\/\/aplieplus.com\/fr\/wp-json\/wp\/v2\/product_cat?post=564"},{"taxonomy":"product_tag","embeddable":true,"href":"https:\/\/aplieplus.com\/fr\/wp-json\/wp\/v2\/product_tag?post=564"}],"curies":[{"name":"wp","href":"https:\/\/api.w.org\/{rel}","templated":true}]}}