{"id":567,"date":"2024-05-13T09:59:51","date_gmt":"2024-05-13T09:59:51","guid":{"rendered":"https:\/\/plieplus.de\/?post_type=product&#038;p=567"},"modified":"2026-01-04T16:55:42","modified_gmt":"2026-01-04T15:55:42","slug":"protege_pointes_ultra_soft_avec_coussin","status":"publish","type":"product","link":"https:\/\/aplieplus.com\/fr\/produkt\/zehenschoner_ultra_soft_mit_kissen\/","title":{"rendered":"Prot\u00e8ge-pointes Ballet ultra soft avec coussins"},"content":{"rendered":"<p>D\u00e9couvre les Dancelets, tes compagnons parfaits pour une exp\u00e9rience de danse sans douleur ! Chaque paire de prot\u00e8ge-pointes est livr\u00e9e dans un \u00e9l\u00e9gant sac en organza, en mat\u00e9riau fin et respirant, qui est non seulement pratique, mais qui permet aussi de garder tes prot\u00e8ge-orteils toujours visibles et \u00e0 port\u00e9e de main.<br \/>\nEn plus, tu re\u00e7ois un petit flacon de Powder Up ! - la poudre id\u00e9ale pour assouplir encore plus tes protections d'orteils. Avec une contenance de 30 ml, le flacon se glisse sans peine dans chaque sac de danse et te permet d'\u00eatre toujours parfaitement pr\u00e9par\u00e9e.<br \/>\nAvec les dancelets, tu ne danses pas seulement mieux, mais tu prot\u00e8ges aussi tes pieds. D\u00e9couvre la diff\u00e9rence et profite de chaque pas avec l\u00e9g\u00e8ret\u00e9 !<\/p>","protected":false},"excerpt":{"rendered":"<ul>\n<li><strong>Super doux<\/strong> Tout en conservant une sensation totale au sol ! Tu profites ainsi pleinement de tes pr\u00e9cieuses pointes !<\/li>\n<li>Fais-toi du bien. Sans douleur, tu t'entra\u00eenes beaucoup mieux !<\/li>\n<li><strong>Rangement pratique :<\/strong> Chaque paire est livr\u00e9e dans un \u00e9l\u00e9gant sac en organza qui, en plus d'\u00eatre \u00e9l\u00e9gant, permet de garder tes prot\u00e8ge-pointes \u00e0 port\u00e9e de main et visibles.<\/li>\n<li><strong>Powder up !<\/strong> La livraison comprend une petite bouteille de poudre Powder Up ! qui donne aux dancelets un effet encore plus doux.<\/li>\n<li><strong>Compact et maniable :<\/strong> La bouteille Powder Up ! est petite et l\u00e9g\u00e8re, parfaite pour ton sac de danse et pr\u00eate \u00e0 l'emploi \u00e0 tout moment.<\/li>\n<\/ul>\n<ul>\n<li><strong>Am\u00e9lioration des performances :<\/strong> Les dancelets te permettent de te concentrer enti\u00e8rement sur ta performance, car ils t'aident \u00e0 minimiser les douleurs et \u00e0 optimiser tes mouvements.<\/li>\n<\/ul>\n<ul>\n<li><strong>Pour toutes les danseuses :<\/strong> Que tu sois d\u00e9butante ou professionnelle, nos dancelets sont le choix id\u00e9al pour toute danseuse classique qui attache de l'importance au confort et \u00e0 la protection.<\/li>\n<\/ul>","protected":false},"featured_media":513,"comment_status":"closed","ping_status":"closed","template":"","meta":[],"product_brand":[],"product_cat":[23],"product_tag":[],"class_list":{"0":"post-567","1":"product","2":"type-product","3":"status-publish","4":"has-post-thumbnail","6":"product_cat-zehenschoner-ballett","7":"product_shipping_class-normal_shipment","9":"first","10":"instock","11":"taxable","12":"shipping-taxable","13":"purchasable","14":"product-type-simple"},"_links":{"self":[{"href":"https:\/\/aplieplus.com\/fr\/wp-json\/wp\/v2\/product\/567","targetHints":{"allow":["GET"]}}],"collection":[{"href":"https:\/\/aplieplus.com\/fr\/wp-json\/wp\/v2\/product"}],"about":[{"href":"https:\/\/aplieplus.com\/fr\/wp-json\/wp\/v2\/types\/product"}],"replies":[{"embeddable":true,"href":"https:\/\/aplieplus.com\/fr\/wp-json\/wp\/v2\/comments?post=567"}],"wp:featuredmedia":[{"embeddable":true,"href":"https:\/\/aplieplus.com\/fr\/wp-json\/wp\/v2\/media\/513"}],"wp:attachment":[{"href":"https:\/\/aplieplus.com\/fr\/wp-json\/wp\/v2\/media?parent=567"}],"wp:term":[{"taxonomy":"product_brand","embeddable":true,"href":"https:\/\/aplieplus.com\/fr\/wp-json\/wp\/v2\/product_brand?post=567"},{"taxonomy":"product_cat","embeddable":true,"href":"https:\/\/aplieplus.com\/fr\/wp-json\/wp\/v2\/product_cat?post=567"},{"taxonomy":"product_tag","embeddable":true,"href":"https:\/\/aplieplus.com\/fr\/wp-json\/wp\/v2\/product_tag?post=567"}],"curies":[{"name":"wp","href":"https:\/\/api.w.org\/{rel}","templated":true}]}}