{"id":568,"date":"2026-01-06T15:06:51","date_gmt":"2026-01-06T14:06:51","guid":{"rendered":"https:\/\/plieplus.de\/?post_type=product&#038;p=568"},"modified":"2026-01-06T15:06:10","modified_gmt":"2026-01-06T14:06:10","slug":"poudre-ballet","status":"publish","type":"product","link":"https:\/\/aplieplus.com\/fr\/produkt\/puder-ballett\/","title":{"rendered":"Powder up !"},"content":{"rendered":"<p>Avec notre poudre \"Powder Up !\", tu veilles \u00e0 ce que tes pieds restent secs et agr\u00e9ables, m\u00eame lors d'entra\u00eenements intensifs. La bo\u00eete m\u00e9tallique pratique prot\u00e8ge la poudre de l'humidit\u00e9 et te permet de prendre soin de tes orteils de mani\u00e8re optimale - pour plus de confort et de performance en dansant !<\/p>","protected":false},"excerpt":{"rendered":"<ul>\n<li><strong>Protection contre l'humidit\u00e9 :<\/strong> La jolie bo\u00eete m\u00e9tallique \u00e0 double couvercle garantit que ta poudre \"Powder Up !\" reste toujours s\u00e8che et pr\u00eate \u00e0 l'emploi.<\/li>\n<\/ul>\n<ul>\n<li><strong>Am\u00e9lioration des performances :<\/strong> Notre poudre sp\u00e9ciale pour dancelets aide \u00e0 avoir un bon feeling, de sorte que tu puisses te concentrer sur tes mouvements.<\/li>\n<\/ul>\n<ul>\n<li><strong>Facile \u00e0 utiliser :<\/strong> La poudre s'applique sans effort et procure une sensation de confort pendant la danse.<\/li>\n<\/ul>\n<ul>\n<li><strong>Pour toutes les danseuses :<\/strong> Que vous soyez d\u00e9butante ou professionnelle, notre poudre aide chaque danseuse \u00e0 donner le meilleur d'elle-m\u00eame.<\/li>\n<\/ul>\n<ul>\n<li><strong>Une formule innovante :<\/strong> La poudre \"Powder Up !\" a \u00e9t\u00e9 sp\u00e9cialement con\u00e7ue pour r\u00e9pondre aux besoins des danseuses et optimiser leurs performances.<\/li>\n<\/ul>\n<ul>\n<li><strong>Choix durable :<\/strong> Nous utilisons des mat\u00e9riaux de haute qualit\u00e9 qui sont \u00e0 la fois efficaces et respectueux de l'environnement.<\/li>\n<\/ul>","protected":false},"featured_media":519,"comment_status":"closed","ping_status":"closed","template":"","meta":[],"product_brand":[],"product_cat":[32],"product_tag":[],"class_list":{"0":"post-568","1":"product","2":"type-product","3":"status-publish","4":"has-post-thumbnail","6":"product_cat-accessoires-ballet-tanz","7":"product_shipping_class-normal_shipment","9":"first","10":"instock","11":"taxable","12":"shipping-taxable","13":"purchasable","14":"product-type-variable"},"_links":{"self":[{"href":"https:\/\/aplieplus.com\/fr\/wp-json\/wp\/v2\/product\/568","targetHints":{"allow":["GET"]}}],"collection":[{"href":"https:\/\/aplieplus.com\/fr\/wp-json\/wp\/v2\/product"}],"about":[{"href":"https:\/\/aplieplus.com\/fr\/wp-json\/wp\/v2\/types\/product"}],"replies":[{"embeddable":true,"href":"https:\/\/aplieplus.com\/fr\/wp-json\/wp\/v2\/comments?post=568"}],"wp:featuredmedia":[{"embeddable":true,"href":"https:\/\/aplieplus.com\/fr\/wp-json\/wp\/v2\/media\/519"}],"wp:attachment":[{"href":"https:\/\/aplieplus.com\/fr\/wp-json\/wp\/v2\/media?parent=568"}],"wp:term":[{"taxonomy":"product_brand","embeddable":true,"href":"https:\/\/aplieplus.com\/fr\/wp-json\/wp\/v2\/product_brand?post=568"},{"taxonomy":"product_cat","embeddable":true,"href":"https:\/\/aplieplus.com\/fr\/wp-json\/wp\/v2\/product_cat?post=568"},{"taxonomy":"product_tag","embeddable":true,"href":"https:\/\/aplieplus.com\/fr\/wp-json\/wp\/v2\/product_tag?post=568"}],"curies":[{"name":"wp","href":"https:\/\/api.w.org\/{rel}","templated":true}]}}