{"id":575,"date":"2026-01-06T15:06:51","date_gmt":"2026-01-06T14:06:51","guid":{"rendered":"https:\/\/plieplus.de\/?post_type=product&#038;p=575"},"modified":"2026-02-25T16:50:59","modified_gmt":"2026-02-25T15:50:59","slug":"coussinets_dorteils_souples_ballets","status":"publish","type":"product","link":"https:\/\/aplieplus.com\/fr\/produkt\/weiche_zehenpolster_ballett\/","title":{"rendered":"Cut it ! Rembourrage pour les orteils"},"content":{"rendered":"<p>Avec nos coussinets sp\u00e9ciaux pour orteils, tu r\u00e9duis sensiblement la pression sur tes orteils, ce qui t'offre plus de confort et de libert\u00e9 pendant la danse. Cut it ! est compos\u00e9 d'un silicone sp\u00e9cial, que nous avons d\u00e9velopp\u00e9 pr\u00e9cis\u00e9ment pour la danse de pointe.<br \/>\nQue tu coupes une tranche, une fine feuille ou un demi-cylindre, tu optimises tes performances et tu appr\u00e9cies chaque chor\u00e9graphie !<\/p>","protected":false},"excerpt":{"rendered":"<ul>\n<li><strong>Personnalisation :<\/strong> Avec \"Cut it !\", tu peux modeler l'amorti selon tes besoins - que ce soit pour les orteils, entre les orteils, l'avant-pied ou le talon. Il suffit de le d\u00e9couper et de l'ins\u00e9rer.<\/li>\n<\/ul>\n<ul>\n<li><strong>Soulagement de la pression :<\/strong> R\u00e9duis la pression verticale sur tes orteils et fais l'exp\u00e9rience d'un plus grand confort en dansant, surtout si tes pieds sont pointus. Emp\u00eache tes orteils de se frotter les uns contre les autres.<\/li>\n<\/ul>\n<ul>\n<li><strong>Utilisation polyvalente :<\/strong> Utilise les inserts en silicone \u00e0 diff\u00e9rents endroits de tes chaussons de pointe pour r\u00e9duire la pression l\u00e0 o\u00f9 tu en as le plus besoin.<\/li>\n<\/ul>\n<ul>\n<li><strong>Facile \u00e0 utiliser :<\/strong> Les inserts sont faciles \u00e0 ins\u00e9rer et offrent une am\u00e9lioration imm\u00e9diate - il suffit de dire \"Cut it !\" et de profiter de la danse !<\/li>\n<\/ul>\n<ul>\n<li><strong>Mat\u00e9riau de haute qualit\u00e9 :<\/strong> Le silicone sp\u00e9cial que nous avons d\u00e9velopp\u00e9 assure un amortissement agr\u00e9able tout en \u00e9tant durable et r\u00e9sistant.<\/li>\n<\/ul>","protected":false},"featured_media":523,"comment_status":"open","ping_status":"closed","template":"","meta":[],"product_brand":[],"product_cat":[32],"product_tag":[],"class_list":{"0":"post-575","1":"product","2":"type-product","3":"status-publish","4":"has-post-thumbnail","6":"product_cat-accessoires-ballet-tanz","7":"product_shipping_class-normal_shipment","9":"first","10":"instock","11":"taxable","12":"shipping-taxable","13":"purchasable","14":"product-type-simple"},"_links":{"self":[{"href":"https:\/\/aplieplus.com\/fr\/wp-json\/wp\/v2\/product\/575","targetHints":{"allow":["GET"]}}],"collection":[{"href":"https:\/\/aplieplus.com\/fr\/wp-json\/wp\/v2\/product"}],"about":[{"href":"https:\/\/aplieplus.com\/fr\/wp-json\/wp\/v2\/types\/product"}],"replies":[{"embeddable":true,"href":"https:\/\/aplieplus.com\/fr\/wp-json\/wp\/v2\/comments?post=575"}],"wp:featuredmedia":[{"embeddable":true,"href":"https:\/\/aplieplus.com\/fr\/wp-json\/wp\/v2\/media\/523"}],"wp:attachment":[{"href":"https:\/\/aplieplus.com\/fr\/wp-json\/wp\/v2\/media?parent=575"}],"wp:term":[{"taxonomy":"product_brand","embeddable":true,"href":"https:\/\/aplieplus.com\/fr\/wp-json\/wp\/v2\/product_brand?post=575"},{"taxonomy":"product_cat","embeddable":true,"href":"https:\/\/aplieplus.com\/fr\/wp-json\/wp\/v2\/product_cat?post=575"},{"taxonomy":"product_tag","embeddable":true,"href":"https:\/\/aplieplus.com\/fr\/wp-json\/wp\/v2\/product_tag?post=575"}],"curies":[{"name":"wp","href":"https:\/\/api.w.org\/{rel}","templated":true}]}}