{"id":581,"date":"2024-05-13T09:59:51","date_gmt":"2024-05-13T09:59:51","guid":{"rendered":"https:\/\/plieplus.de\/?post_type=product&#038;p=581"},"modified":"2024-12-19T14:30:04","modified_gmt":"2024-12-19T13:30:04","slug":"protege-pointes-et-genoux","status":"publish","type":"product","link":"https:\/\/aplieplus.com\/fr\/produkt\/protege-pointes-et-genoux\/","title":{"rendered":"Prot\u00e8ge-pointes (Medium soft avec coussin) avec genouill\u00e8re - super combinaison !"},"content":{"rendered":"<p>D\u00e9couvre la combinaison parfaite pour ta danse avec notre set de protections d'orteils medium soft et de genouill\u00e8res de haute qualit\u00e9. Ces produits t'offrent non seulement la protection n\u00e9cessaire, mais augmentent aussi ton bien-\u00eatre pendant l'entra\u00eenement - moins de douleurs et plus de plaisir \u00e0 danser !<\/p>\n<p>Le kit est pr\u00e9sent\u00e9 dans un \u00e9l\u00e9gant sac en organza et contient un flacon de Powder Up ! qui optimise les propri\u00e9t\u00e9s antid\u00e9rapantes de tes chaussures. L'utilisation est simple : enfile les prot\u00e8ge-orteils et les genouill\u00e8res avant l'entra\u00eenement, que ce soit dans la salle de ballet ou lors des r\u00e9p\u00e9titions, et profite d'une exp\u00e9rience plus l\u00e9g\u00e8re et moins douloureuse.<\/p>\n<p>N'attends pas plus longtemps ! Procure-toi d\u00e8s maintenant notre kit promotionnel \u00e0 un prix exclusif et laisse Aplieplus transformer ton exp\u00e9rience de la danse. Tes pieds et tes genoux t'en remercieront !<\/p>","protected":false},"excerpt":{"rendered":"<p>Entdecke die perfekte Kombination f\u00fcr deinen Tanz mit unserem Set aus medium soft Zehenschonern und hochwertigen Kniesch\u00fctzern. Diese Produkte bieten dir nicht nur den notwendigen Schutz, sondern steigern auch dein Wohlbefinden beim Training \u2013 weniger Schmerzen und mehr Freude am Tanzen! Das Set kommt in einem stilvollen Organzabeutel und beinhaltet ein Fl\u00e4schchen Powder Up!, das [&hellip;]<\/p>\n","protected":false},"featured_media":529,"comment_status":"closed","ping_status":"closed","template":"","meta":[],"product_brand":[],"product_cat":[35],"product_tag":[],"class_list":{"0":"post-581","1":"product","2":"type-product","3":"status-publish","4":"has-post-thumbnail","6":"product_cat-special-offer","7":"product_shipping_class-normal_shipment","9":"first","10":"instock","11":"sale","12":"taxable","13":"shipping-taxable","14":"purchasable","15":"product-type-variable"},"_links":{"self":[{"href":"https:\/\/aplieplus.com\/fr\/wp-json\/wp\/v2\/product\/581","targetHints":{"allow":["GET"]}}],"collection":[{"href":"https:\/\/aplieplus.com\/fr\/wp-json\/wp\/v2\/product"}],"about":[{"href":"https:\/\/aplieplus.com\/fr\/wp-json\/wp\/v2\/types\/product"}],"replies":[{"embeddable":true,"href":"https:\/\/aplieplus.com\/fr\/wp-json\/wp\/v2\/comments?post=581"}],"wp:featuredmedia":[{"embeddable":true,"href":"https:\/\/aplieplus.com\/fr\/wp-json\/wp\/v2\/media\/529"}],"wp:attachment":[{"href":"https:\/\/aplieplus.com\/fr\/wp-json\/wp\/v2\/media?parent=581"}],"wp:term":[{"taxonomy":"product_brand","embeddable":true,"href":"https:\/\/aplieplus.com\/fr\/wp-json\/wp\/v2\/product_brand?post=581"},{"taxonomy":"product_cat","embeddable":true,"href":"https:\/\/aplieplus.com\/fr\/wp-json\/wp\/v2\/product_cat?post=581"},{"taxonomy":"product_tag","embeddable":true,"href":"https:\/\/aplieplus.com\/fr\/wp-json\/wp\/v2\/product_tag?post=581"}],"curies":[{"name":"wp","href":"https:\/\/api.w.org\/{rel}","templated":true}]}}