{"id":15,"date":"2024-05-08T11:39:50","date_gmt":"2024-05-08T11:39:50","guid":{"rendered":"https:\/\/plieplus.de\/?page_id=15"},"modified":"2024-11-11T17:08:20","modified_gmt":"2024-11-11T17:08:20","slug":"chi-siamo","status":"publish","type":"page","link":"https:\/\/aplieplus.com\/it\/about-us\/","title":{"rendered":"Chi siamo"},"content":{"rendered":"<div data-elementor-type=\"wp-page\" data-elementor-id=\"15\" class=\"elementor elementor-15\" data-elementor-post-type=\"page\">\n\t\t\t\t\t\t<section class=\"elementor-section elementor-top-section elementor-element elementor-element-078bc95 elementor-section-boxed elementor-section-height-default elementor-section-height-default\" data-id=\"078bc95\" data-element_type=\"section\" data-e-type=\"section\" data-settings=\"{&quot;background_background&quot;:&quot;classic&quot;}\">\n\t\t\t\t\t\t<div class=\"elementor-container elementor-column-gap-default\">\n\t\t\t\t\t<div class=\"elementor-column elementor-col-100 elementor-top-column elementor-element elementor-element-3e39e32\" data-id=\"3e39e32\" data-element_type=\"column\" data-e-type=\"column\">\n\t\t\t<div class=\"elementor-widget-wrap elementor-element-populated\">\n\t\t\t\t\t\t<section class=\"elementor-section elementor-inner-section elementor-element elementor-element-d810c76 elementor-section-boxed elementor-section-height-default elementor-section-height-default\" data-id=\"d810c76\" data-element_type=\"section\" data-e-type=\"section\">\n\t\t\t\t\t\t<div class=\"elementor-container elementor-column-gap-default\">\n\t\t\t\t\t<div class=\"elementor-column elementor-col-100 elementor-inner-column elementor-element elementor-element-cafb967\" data-id=\"cafb967\" data-element_type=\"column\" data-e-type=\"column\">\n\t\t\t<div class=\"elementor-widget-wrap elementor-element-populated\">\n\t\t\t\t\t\t<div class=\"elementor-element elementor-element-05a81d3 elementor-invisible elementor-widget elementor-widget-heading\" data-id=\"05a81d3\" data-element_type=\"widget\" data-e-type=\"widget\" data-settings=\"{&quot;_animation&quot;:&quot;fadeInUp&quot;}\" data-widget_type=\"heading.default\">\n\t\t\t\t<div class=\"elementor-widget-container\">\n\t\t\t\t\t<h2 class=\"elementor-heading-title elementor-size-default\">Chi siamo<\/h2>\t\t\t\t<\/div>\n\t\t\t\t<\/div>\n\t\t\t\t\t<\/div>\n\t\t<\/div>\n\t\t\t\t\t<\/div>\n\t\t<\/section>\n\t\t\t\t<section class=\"elementor-section elementor-inner-section elementor-element elementor-element-3e3748e elementor-section-boxed elementor-section-height-default elementor-section-height-default\" data-id=\"3e3748e\" data-element_type=\"section\" data-e-type=\"section\">\n\t\t\t\t\t\t<div class=\"elementor-container elementor-column-gap-default\">\n\t\t\t\t\t<div class=\"elementor-column elementor-col-50 elementor-inner-column elementor-element elementor-element-1932870\" data-id=\"1932870\" data-element_type=\"column\" data-e-type=\"column\">\n\t\t\t<div class=\"elementor-widget-wrap elementor-element-populated\">\n\t\t\t\t\t\t<div class=\"elementor-element elementor-element-e877fe7 animated-slow elementor-invisible elementor-widget elementor-widget-image\" data-id=\"e877fe7\" data-element_type=\"widget\" data-e-type=\"widget\" data-settings=\"{&quot;_animation&quot;:&quot;fadeInUp&quot;}\" data-widget_type=\"image.default\">\n\t\t\t\t<div class=\"elementor-widget-container\">\n\t\t\t\t\t\t\t\t\t\t\t\t\t\t\t<img fetchpriority=\"high\" decoding=\"async\" width=\"489\" height=\"290\" src=\"https:\/\/aplieplus.com\/wp-content\/uploads\/2024\/05\/about-1.jpg\" class=\"attachment-large size-large wp-image-360\" alt=\"\" srcset=\"https:\/\/aplieplus.com\/wp-content\/uploads\/2024\/05\/about-1.jpg 489w, https:\/\/aplieplus.com\/wp-content\/uploads\/2024\/05\/about-1-300x178.jpg 300w\" sizes=\"(max-width: 489px) 100vw, 489px\" title=\"\">\t\t\t\t\t\t\t\t\t\t\t\t\t\t\t<\/div>\n\t\t\t\t<\/div>\n\t\t\t\t\t<\/div>\n\t\t<\/div>\n\t\t\t\t<div class=\"elementor-column elementor-col-50 elementor-inner-column elementor-element elementor-element-873a394\" data-id=\"873a394\" data-element_type=\"column\" data-e-type=\"column\">\n\t\t\t<div class=\"elementor-widget-wrap elementor-element-populated\">\n\t\t\t\t\t\t<div class=\"elementor-element elementor-element-0230244 elementor-invisible elementor-widget elementor-widget-text-editor\" data-id=\"0230244\" data-element_type=\"widget\" data-e-type=\"widget\" data-settings=\"{&quot;_animation&quot;:&quot;fadeInUp&quot;}\" data-widget_type=\"text-editor.default\">\n\t\t\t\t<div class=\"elementor-widget-container\">\n\t\t\t\t\t\t\t\t\t<p>Siamo il team creativo di Apli\u00e9plus!<\/p>\t\t\t\t\t\t\t\t<\/div>\n\t\t\t\t<\/div>\n\t\t\t\t<div class=\"elementor-element elementor-element-dfca731 elementor-invisible elementor-widget elementor-widget-text-editor\" data-id=\"dfca731\" data-element_type=\"widget\" data-e-type=\"widget\" data-settings=\"{&quot;_animation&quot;:&quot;fadeInUp&quot;}\" data-widget_type=\"text-editor.default\">\n\t\t\t\t<div class=\"elementor-widget-container\">\n\t\t\t\t\t\t\t\t\t<p>Siamo un team appassionato che non solo ha una profonda esperienza nella chimica dei materiali, ma sviluppa anche prodotti innovativi per il settore medico e sportivo - e la parte migliore? Siamo noi stessi dei ballerini!<\/p><p>Avete mai desiderato di essere liberi dal dolore durante la danza classica? Allora abbiamo quello che fa per voi! \u00c8 arrivato il nostro nuovissimo modello di salvapunte, i \"Dancelets\", pi\u00f9 flessibili e robusti che mai. Queste piccole meraviglie aiutano a ridurre il dolore e l'attrito nelle scarpe da punta, mantenendo la sensazione di contatto con il pavimento.<\/p><p>Immaginate di poter realizzare il vostro pieno potenziale artistico senza essere limitati da urti e pressioni. Questo \u00e8 esattamente il nostro obiettivo! Vogliamo farvi vivere la nuova esperienza della danza sulle punte senza dolore, perch\u00e9 ogni passo dovrebbe essere pieno di facilit\u00e0 e gioia.<\/p><p>Lasciatevi ispirare dal potere delle ballerine! Acquistate subito la vostra salvapunte e provate voi stessi la differenza. Visitate il nostro negozio e ordinate oggi stesso, per una danza senza dolore e piena di gioia!<\/p>\t\t\t\t\t\t\t\t<\/div>\n\t\t\t\t<\/div>\n\t\t\t\t\t<\/div>\n\t\t<\/div>\n\t\t\t\t\t<\/div>\n\t\t<\/section>\n\t\t\t\t<section class=\"elementor-section elementor-inner-section elementor-element elementor-element-a3fe4d1 elementor-reverse-tablet elementor-section-boxed elementor-section-height-default elementor-section-height-default\" data-id=\"a3fe4d1\" data-element_type=\"section\" data-e-type=\"section\">\n\t\t\t\t\t\t<div class=\"elementor-container elementor-column-gap-default\">\n\t\t\t\t\t<div class=\"elementor-column elementor-col-50 elementor-inner-column elementor-element elementor-element-a0e0b0a animated-slow elementor-invisible\" data-id=\"a0e0b0a\" data-element_type=\"column\" data-e-type=\"column\" data-settings=\"{&quot;animation&quot;:&quot;fadeInUp&quot;}\">\n\t\t\t<div class=\"elementor-widget-wrap elementor-element-populated\">\n\t\t\t\t\t\t<div class=\"elementor-element elementor-element-e52c933 elementor-invisible elementor-widget elementor-widget-text-editor\" data-id=\"e52c933\" data-element_type=\"widget\" data-e-type=\"widget\" data-settings=\"{&quot;_animation&quot;:&quot;fadeInUp&quot;}\" data-widget_type=\"text-editor.default\">\n\t\t\t\t<div class=\"elementor-widget-container\">\n\t\t\t\t\t\t\t\t\t<h3>Scoprite il potere delle salvapunte dei piedi per i ballerini su Apli\u00e9plus<\/h3>\t\t\t\t\t\t\t\t<\/div>\n\t\t\t\t<\/div>\n\t\t\t\t<div class=\"elementor-element elementor-element-c26b250 elementor-widget elementor-widget-text-editor\" data-id=\"c26b250\" data-element_type=\"widget\" data-e-type=\"widget\" data-widget_type=\"text-editor.default\">\n\t\t\t\t<div class=\"elementor-widget-container\">\n\t\t\t\t\t\t\t\t\t<p>Scoprite le protezioni per le dita dei piedi Dancelets di Apli\u00e9plus: la soluzione perfetta per tutti i ballerini che vogliono migliorare le loro prestazioni ed evitare allo stesso tempo il dolore ai piedi.<\/p><p>Le nostre protezioni per le dita dei piedi, realizzate con il nostro silicone appositamente sviluppato per la danza classica, sono come una seconda pelle. Non solo offrono una protezione ottimale, ma permettono anche di concentrarsi completamente sulla precisione e sulla facilit\u00e0 dei movimenti.<\/p><p>Potete concentrarvi sulla vostra performance senza preoccupazioni, godendovi la libert\u00e0 e la gioia di ballare al massimo.<\/p><p>Prodotti e sviluppati in Svizzera e accuratamente lavorati a mano, i nostri ballerini garantiscono la massima qualit\u00e0.<\/p><p>Riducono l'attrito, assorbono gli urti e le compressioni e prevengono il dolore ai piedi durante la danza sulle punte. Le speciali propriet\u00e0 fisiche e chimiche del materiale sono perfettamente adattate alle esigenze delle ballerine.<\/p><p>\u00a0<\/p>\t\t\t\t\t\t\t\t<\/div>\n\t\t\t\t<\/div>\n\t\t\t\t<div class=\"elementor-element elementor-element-4ccbf2b elementor-hidden-desktop elementor-hidden-tablet elementor-hidden-mobile elementor-widget elementor-widget-tp-button\" data-id=\"4ccbf2b\" data-element_type=\"widget\" data-e-type=\"widget\" data-widget_type=\"tp-button.default\">\n\t\t\t\t<div class=\"elementor-widget-container\">\n\t\t\t\t\t<div class=\"pt-plus-button-wrapper   text-left text--mobilecenter\"><div class=\"button_parallax\"><div id=\"button69d3b24a53b22\"  class=\"text-left text--mobilecenter ts-button content_hover_effect\" ><div class=\"pt_plus_button btn69d3b24a53b21 button-style-7\"  ><div class=\"animted-content-inner\"><a href=\"https:\/\/aplieplus.com\/it\/shop\/\" class=\"button-link-wrap\" role=\"button\" data-hover=\"Shop\"  >Shop<span class=\"btn-arrow\"><\/span><\/a><\/div><\/div><\/div><\/div><\/div>\t\t\t\t<\/div>\n\t\t\t\t<\/div>\n\t\t\t\t<div class=\"elementor-element elementor-element-b4667d3 elementor-widget elementor-widget-button\" data-id=\"b4667d3\" data-element_type=\"widget\" data-e-type=\"widget\" data-widget_type=\"button.default\">\n\t\t\t\t<div class=\"elementor-widget-container\">\n\t\t\t\t\t\t\t\t\t<div class=\"elementor-button-wrapper\">\n\t\t\t\t\t<a class=\"elementor-button elementor-button-link elementor-size-sm\" href=\"https:\/\/aplieplus.com\/shop\/\">\n\t\t\t\t\t\t<span class=\"elementor-button-content-wrapper\">\n\t\t\t\t\t\t<span class=\"elementor-button-icon\">\n\t\t\t\t<svg aria-hidden=\"true\" class=\"e-font-icon-svg e-fas-angle-right\" viewbox=\"0 0 256 512\" xmlns=\"http:\/\/www.w3.org\/2000\/svg\"><path d=\"M224.3 273l-136 136c-9.4 9.4-24.6 9.4-33.9 0l-22.6-22.6c-9.4-9.4-9.4-24.6 0-33.9l96.4-96.4-96.4-96.4c-9.4-9.4-9.4-24.6 0-33.9L54.3 103c9.4-9.4 24.6-9.4 33.9 0l136 136c9.5 9.4 9.5 24.6.1 34z\"><\/path><\/svg>\t\t\t<\/span>\n\t\t\t\t\t\t\t\t\t<span class=\"elementor-button-text\">Shop<\/span>\n\t\t\t\t\t<\/span>\n\t\t\t\t\t<\/a>\n\t\t\t\t<\/div>\n\t\t\t\t\t\t\t\t<\/div>\n\t\t\t\t<\/div>\n\t\t\t\t<div class=\"elementor-element elementor-element-a339e1b elementor-widget elementor-widget-image\" data-id=\"a339e1b\" data-element_type=\"widget\" data-e-type=\"widget\" data-widget_type=\"image.default\">\n\t\t\t\t<div class=\"elementor-widget-container\">\n\t\t\t\t\t\t\t\t\t\t\t\t\t\t\t<img decoding=\"async\" width=\"535\" height=\"299\" src=\"https:\/\/aplieplus.com\/wp-content\/uploads\/2024\/05\/about-4-1.png\" class=\"attachment-large size-large wp-image-362\" alt=\"\" srcset=\"https:\/\/aplieplus.com\/wp-content\/uploads\/2024\/05\/about-4-1.png 535w, https:\/\/aplieplus.com\/wp-content\/uploads\/2024\/05\/about-4-1-300x168.png 300w\" sizes=\"(max-width: 535px) 100vw, 535px\" title=\"\">\t\t\t\t\t\t\t\t\t\t\t\t\t\t\t<\/div>\n\t\t\t\t<\/div>\n\t\t\t\t\t<\/div>\n\t\t<\/div>\n\t\t\t\t<div class=\"elementor-column elementor-col-50 elementor-inner-column elementor-element elementor-element-2bbab03\" data-id=\"2bbab03\" data-element_type=\"column\" data-e-type=\"column\">\n\t\t\t<div class=\"elementor-widget-wrap elementor-element-populated\">\n\t\t\t\t\t\t<div class=\"elementor-element elementor-element-d8f480a animated-slow elementor-invisible elementor-widget elementor-widget-image\" data-id=\"d8f480a\" data-element_type=\"widget\" data-e-type=\"widget\" data-settings=\"{&quot;_animation&quot;:&quot;fadeInUp&quot;}\" data-widget_type=\"image.default\">\n\t\t\t\t<div class=\"elementor-widget-container\">\n\t\t\t\t\t\t\t\t\t\t\t\t\t\t\t\t<a href=\"#elementor-action%3Aaction%3Dlightbox%26settings%3DeyJ1cmwiOiJodHRwczpcL1wvcGxpZXBsdXMuZGVcL3dwLWNvbnRlbnRcL3VwbG9hZHNcLzIwMjRcLzA1XC9hYm91dC0yLmpwZyIsInR5cGUiOiJpbWFnZSIsInRpdGxlIjoiYWJvdXQtMiJ9\">\n\t\t\t\t\t\t\t<img decoding=\"async\" width=\"602\" height=\"804\" src=\"https:\/\/aplieplus.com\/wp-content\/uploads\/2024\/05\/about-2.jpg\" class=\"attachment-large size-large wp-image-363\" alt=\"\" srcset=\"https:\/\/aplieplus.com\/wp-content\/uploads\/2024\/05\/about-2.jpg 602w, https:\/\/aplieplus.com\/wp-content\/uploads\/2024\/05\/about-2-225x300.jpg 225w, https:\/\/aplieplus.com\/wp-content\/uploads\/2024\/05\/about-2-600x801.jpg 600w\" sizes=\"(max-width: 602px) 100vw, 602px\" title=\"\">\t\t\t\t\t\t\t\t<\/a>\n\t\t\t\t\t\t\t\t\t\t\t\t\t\t\t<\/div>\n\t\t\t\t<\/div>\n\t\t\t\t\t<\/div>\n\t\t<\/div>\n\t\t\t\t\t<\/div>\n\t\t<\/section>\n\t\t\t\t<section class=\"elementor-section elementor-inner-section elementor-element elementor-element-3fe172c elementor-section-boxed elementor-section-height-default elementor-section-height-default\" data-id=\"3fe172c\" data-element_type=\"section\" data-e-type=\"section\">\n\t\t\t\t\t\t<div class=\"elementor-container elementor-column-gap-default\">\n\t\t\t\t\t<div class=\"elementor-column elementor-col-50 elementor-inner-column elementor-element elementor-element-7d12fce\" data-id=\"7d12fce\" data-element_type=\"column\" data-e-type=\"column\">\n\t\t\t<div class=\"elementor-widget-wrap elementor-element-populated\">\n\t\t\t\t\t\t<div class=\"elementor-element elementor-element-4a406e1 animated-slow elementor-invisible elementor-widget elementor-widget-image\" data-id=\"4a406e1\" data-element_type=\"widget\" data-e-type=\"widget\" data-settings=\"{&quot;_animation&quot;:&quot;fadeInUp&quot;}\" data-widget_type=\"image.default\">\n\t\t\t\t<div class=\"elementor-widget-container\">\n\t\t\t\t\t\t\t\t\t\t\t\t\t\t\t<img loading=\"lazy\" decoding=\"async\" width=\"489\" height=\"184\" src=\"https:\/\/aplieplus.com\/wp-content\/uploads\/2024\/05\/about-5.jpg\" class=\"attachment-large size-large wp-image-373\" alt=\"Protezioni per le dita dei piedi per la danza classica\" srcset=\"https:\/\/aplieplus.com\/wp-content\/uploads\/2024\/05\/about-5.jpg 489w, https:\/\/aplieplus.com\/wp-content\/uploads\/2024\/05\/about-5-300x113.jpg 300w\" sizes=\"(max-width: 489px) 100vw, 489px\" title=\"\">\t\t\t\t\t\t\t\t\t\t\t\t\t\t\t<\/div>\n\t\t\t\t<\/div>\n\t\t\t\t\t<\/div>\n\t\t<\/div>\n\t\t\t\t<div class=\"elementor-column elementor-col-50 elementor-inner-column elementor-element elementor-element-db3b3dd animated-slow elementor-invisible\" data-id=\"db3b3dd\" data-element_type=\"column\" data-e-type=\"column\" data-settings=\"{&quot;animation&quot;:&quot;fadeInUp&quot;}\">\n\t\t\t<div class=\"elementor-widget-wrap elementor-element-populated\">\n\t\t\t\t\t\t<div class=\"elementor-element elementor-element-5298598 elementor-invisible elementor-widget elementor-widget-text-editor\" data-id=\"5298598\" data-element_type=\"widget\" data-e-type=\"widget\" data-settings=\"{&quot;_animation&quot;:&quot;fadeInUp&quot;}\" data-widget_type=\"text-editor.default\">\n\t\t\t\t<div class=\"elementor-widget-container\">\n\t\t\t\t\t\t\t\t\t<p>Materiale e cura<\/p>\t\t\t\t\t\t\t\t<\/div>\n\t\t\t\t<\/div>\n\t\t\t\t<div class=\"elementor-element elementor-element-36aefb7 elementor-widget elementor-widget-text-editor\" data-id=\"36aefb7\" data-element_type=\"widget\" data-e-type=\"widget\" data-widget_type=\"text-editor.default\">\n\t\t\t\t<div class=\"elementor-widget-container\">\n\t\t\t\t\t\t\t\t\t<p>100% silicone puro, pigmenti. Ipoallergenico.<br \/>Lavare a mano con un sapone a PH neutro. Asciugare all'aria.<br \/>Evitare il contatto con oggetti appuntiti.<\/p>\t\t\t\t\t\t\t\t<\/div>\n\t\t\t\t<\/div>\n\t\t\t\t<div class=\"elementor-element elementor-element-108298c elementor-hidden-desktop elementor-hidden-tablet elementor-hidden-mobile elementor-widget elementor-widget-tp-button\" data-id=\"108298c\" data-element_type=\"widget\" data-e-type=\"widget\" data-widget_type=\"tp-button.default\">\n\t\t\t\t<div class=\"elementor-widget-container\">\n\t\t\t\t\t<div class=\"pt-plus-button-wrapper   text-left text--mobilecenter\"><div class=\"button_parallax\"><div id=\"button69d3b24a55cfb\"  class=\"text-left text--mobilecenter ts-button content_hover_effect\" ><div class=\"pt_plus_button btn69d3b24a55cfa button-style-7\"  ><div class=\"animted-content-inner\"><a href=\"https:\/\/aplieplus.com\/it\/shop\/\" class=\"button-link-wrap\" role=\"button\" data-hover=\"Shop\"  >Shop<span class=\"btn-arrow\"><\/span><\/a><\/div><\/div><\/div><\/div><\/div>\t\t\t\t<\/div>\n\t\t\t\t<\/div>\n\t\t\t\t<div class=\"elementor-element elementor-element-c2a8673 elementor-widget elementor-widget-button\" data-id=\"c2a8673\" data-element_type=\"widget\" data-e-type=\"widget\" data-widget_type=\"button.default\">\n\t\t\t\t<div class=\"elementor-widget-container\">\n\t\t\t\t\t\t\t\t\t<div class=\"elementor-button-wrapper\">\n\t\t\t\t\t<a class=\"elementor-button elementor-button-link elementor-size-sm\" href=\"https:\/\/aplieplus.com\/shop\/\">\n\t\t\t\t\t\t<span class=\"elementor-button-content-wrapper\">\n\t\t\t\t\t\t<span class=\"elementor-button-icon\">\n\t\t\t\t<svg aria-hidden=\"true\" class=\"e-font-icon-svg e-fas-angle-right\" viewbox=\"0 0 256 512\" xmlns=\"http:\/\/www.w3.org\/2000\/svg\"><path d=\"M224.3 273l-136 136c-9.4 9.4-24.6 9.4-33.9 0l-22.6-22.6c-9.4-9.4-9.4-24.6 0-33.9l96.4-96.4-96.4-96.4c-9.4-9.4-9.4-24.6 0-33.9L54.3 103c9.4-9.4 24.6-9.4 33.9 0l136 136c9.5 9.4 9.5 24.6.1 34z\"><\/path><\/svg>\t\t\t<\/span>\n\t\t\t\t\t\t\t\t\t<span class=\"elementor-button-text\">Shop<\/span>\n\t\t\t\t\t<\/span>\n\t\t\t\t\t<\/a>\n\t\t\t\t<\/div>\n\t\t\t\t\t\t\t\t<\/div>\n\t\t\t\t<\/div>\n\t\t\t\t\t<\/div>\n\t\t<\/div>\n\t\t\t\t\t<\/div>\n\t\t<\/section>\n\t\t\t\t<section class=\"elementor-section elementor-inner-section elementor-element elementor-element-9311f8f elementor-reverse-tablet elementor-section-boxed elementor-section-height-default elementor-section-height-default\" data-id=\"9311f8f\" data-element_type=\"section\" data-e-type=\"section\">\n\t\t\t\t\t\t<div class=\"elementor-container elementor-column-gap-default\">\n\t\t\t\t\t<div class=\"elementor-column elementor-col-50 elementor-inner-column elementor-element elementor-element-b935dc4 animated-slow elementor-invisible\" data-id=\"b935dc4\" data-element_type=\"column\" data-e-type=\"column\" data-settings=\"{&quot;animation&quot;:&quot;fadeInUp&quot;}\">\n\t\t\t<div class=\"elementor-widget-wrap elementor-element-populated\">\n\t\t\t\t\t\t<div class=\"elementor-element elementor-element-cf2b5d8 elementor-invisible elementor-widget elementor-widget-text-editor\" data-id=\"cf2b5d8\" data-element_type=\"widget\" data-e-type=\"widget\" data-settings=\"{&quot;_animation&quot;:&quot;fadeInUp&quot;}\" data-widget_type=\"text-editor.default\">\n\t\t\t\t<div class=\"elementor-widget-container\">\n\t\t\t\t\t\t\t\t\t<p>Le nostre protezioni per le dita dei piedi<\/p>\t\t\t\t\t\t\t\t<\/div>\n\t\t\t\t<\/div>\n\t\t\t\t<div class=\"elementor-element elementor-element-1cb8f6d elementor-widget elementor-widget-text-editor\" data-id=\"1cb8f6d\" data-element_type=\"widget\" data-e-type=\"widget\" data-widget_type=\"text-editor.default\">\n\t\t\t\t<div class=\"elementor-widget-container\">\n\t\t\t\t\t\t\t\t\t<p>Scoprite le salvapunte \"Dancelets\": la vostra arma segreta per un'esperienza di danza senza dolori e senza preoccupazioni! Se siete appassionati di danza, sapete quanto sia importante che ogni sessione di allenamento e ogni esibizione siano libere dalla distrazione di dolore e disagio. I nostri dancelets vi offrono esattamente questo: protezione ottimale e massimo comfort, in modo che possiate concentrarvi completamente sulla vostra espressione.<\/p><p>Immaginate come ci si sente a danzare con le scarpe da punta perfette, mentre i Dancelets avvolgono delicatamente i vostri piedi come una seconda pelle. Abbiamo sviluppato un silicone innovativo che non solo \u00e8 eccezionalmente elastico e solido, ma assorbe anche gli urti e offre un ritorno elastico ben dosato. Queste propriet\u00e0 garantiscono la leggerezza della danza anche durante le sessioni di allenamento pi\u00f9 intense.<\/p><p>Le ballerine non sono solo funzionali, ma anche esteticamente gradevoli. Grazie ai colori semitrasparenti, si integrano armoniosamente nel vostro ensemble di danza classica. Scegliete tra il bianco cipria o il salmone delicato per la versione ultra-morbida e il rosa chiaro per la versione medio-morbida: in questo modo potrete non solo sottolineare il vostro stile, ma anche distinguere la morbidezza del materiale.<\/p><p>Fidatevi dell'elevata durata dei nostri prodotti! Le ballerine mantengono la loro forma anche quando sono bagnate o dopo il lavaggio. Con un uso attento, vi accompagneranno per anni e vi offriranno il comfort che meritate.<\/p><p>Concedetevi la sensazione di sicurezza e libert\u00e0 di ballare con le nostre ballerine. Lasciatevi ispirare dalla tecnologia innovativa e provate cosa significa ballare senza dolore! Visitate subito il nostro sito web e acquistate le vostre Dancelets perfette - per momenti indimenticabili sul palcoscenico!<\/p>\t\t\t\t\t\t\t\t<\/div>\n\t\t\t\t<\/div>\n\t\t\t\t\t<\/div>\n\t\t<\/div>\n\t\t\t\t<div class=\"elementor-column elementor-col-50 elementor-inner-column elementor-element elementor-element-29388e3\" data-id=\"29388e3\" data-element_type=\"column\" data-e-type=\"column\">\n\t\t\t<div class=\"elementor-widget-wrap elementor-element-populated\">\n\t\t\t\t\t\t<div class=\"elementor-element elementor-element-b23e741 animated-slow elementor-invisible elementor-widget elementor-widget-image\" data-id=\"b23e741\" data-element_type=\"widget\" data-e-type=\"widget\" data-settings=\"{&quot;_animation&quot;:&quot;fadeInUp&quot;}\" data-widget_type=\"image.default\">\n\t\t\t\t<div class=\"elementor-widget-container\">\n\t\t\t\t\t\t\t\t\t\t\t\t\t\t\t<img loading=\"lazy\" decoding=\"async\" width=\"578\" height=\"509\" src=\"https:\/\/aplieplus.com\/wp-content\/uploads\/2024\/05\/about-6.jpg\" class=\"attachment-large size-large wp-image-374\" alt=\"\" srcset=\"https:\/\/aplieplus.com\/wp-content\/uploads\/2024\/05\/about-6.jpg 578w, https:\/\/aplieplus.com\/wp-content\/uploads\/2024\/05\/about-6-300x264.jpg 300w\" sizes=\"(max-width: 578px) 100vw, 578px\" title=\"\">\t\t\t\t\t\t\t\t\t\t\t\t\t\t\t<\/div>\n\t\t\t\t<\/div>\n\t\t\t\t\t<\/div>\n\t\t<\/div>\n\t\t\t\t\t<\/div>\n\t\t<\/section>\n\t\t\t\t<div class=\"elementor-element elementor-element-09bfb5f elementor-align-center elementor-mobile-align-justify elementor-invisible elementor-widget elementor-widget-button\" data-id=\"09bfb5f\" data-element_type=\"widget\" data-e-type=\"widget\" data-settings=\"{&quot;_animation&quot;:&quot;fadeIn&quot;}\" data-widget_type=\"button.default\">\n\t\t\t\t<div class=\"elementor-widget-container\">\n\t\t\t\t\t\t\t\t\t<div class=\"elementor-button-wrapper\">\n\t\t\t\t\t<a class=\"elementor-button elementor-button-link elementor-size-sm\" href=\"https:\/\/aplieplus.com\/it\/shop\/\">\n\t\t\t\t\t\t<span class=\"elementor-button-content-wrapper\">\n\t\t\t\t\t\t\t\t\t<span class=\"elementor-button-text\">Shop<\/span>\n\t\t\t\t\t<\/span>\n\t\t\t\t\t<\/a>\n\t\t\t\t<\/div>\n\t\t\t\t\t\t\t\t<\/div>\n\t\t\t\t<\/div>\n\t\t\t\t\t<\/div>\n\t\t<\/div>\n\t\t\t\t\t<\/div>\n\t\t<\/section>\n\t\t\t\t<\/div>","protected":false},"excerpt":{"rendered":"<p>\u00dcber uns Wir sind das kreative Team von Apli\u00e9plus! Wir sind ein leidenschaftliches Team, das nicht nur \u00fcber tiefgehendes Fachwissen in der Materialchemie verf\u00fcgt, sondern auch innovative Produkte f\u00fcr den medizinischen Sektor und den Sport entwickelt \u2013 und das Beste daran? Wir sind selbst T\u00e4nzer! Hast du dir jemals gew\u00fcnscht, beim klassischen Tanz schmerzfrei zu [&hellip;]<\/p>\n","protected":false},"author":2,"featured_media":0,"parent":0,"menu_order":0,"comment_status":"closed","ping_status":"closed","template":"","meta":{"footnotes":""},"class_list":["post-15","page","type-page","status-publish","hentry"],"_links":{"self":[{"href":"https:\/\/aplieplus.com\/it\/wp-json\/wp\/v2\/pages\/15","targetHints":{"allow":["GET"]}}],"collection":[{"href":"https:\/\/aplieplus.com\/it\/wp-json\/wp\/v2\/pages"}],"about":[{"href":"https:\/\/aplieplus.com\/it\/wp-json\/wp\/v2\/types\/page"}],"author":[{"embeddable":true,"href":"https:\/\/aplieplus.com\/it\/wp-json\/wp\/v2\/users\/2"}],"replies":[{"embeddable":true,"href":"https:\/\/aplieplus.com\/it\/wp-json\/wp\/v2\/comments?post=15"}],"version-history":[{"count":146,"href":"https:\/\/aplieplus.com\/it\/wp-json\/wp\/v2\/pages\/15\/revisions"}],"predecessor-version":[{"id":2720,"href":"https:\/\/aplieplus.com\/it\/wp-json\/wp\/v2\/pages\/15\/revisions\/2720"}],"wp:attachment":[{"href":"https:\/\/aplieplus.com\/it\/wp-json\/wp\/v2\/media?parent=15"}],"curies":[{"name":"wp","href":"https:\/\/api.w.org\/{rel}","templated":true}]}}