{"id":2889,"date":"2024-11-21T19:39:00","date_gmt":"2024-11-21T18:39:00","guid":{"rendered":"https:\/\/aplieplus.com\/?page_id=2889"},"modified":"2024-11-21T20:26:21","modified_gmt":"2024-11-21T19:26:21","slug":"collaborazione","status":"publish","type":"page","link":"https:\/\/aplieplus.com\/it\/collaboration\/","title":{"rendered":"Collaborazione"},"content":{"rendered":"<div data-elementor-type=\"wp-page\" data-elementor-id=\"2889\" class=\"elementor elementor-2889\" data-elementor-post-type=\"page\">\n\t\t\t\t\t\t<section class=\"elementor-section elementor-top-section elementor-element elementor-element-f182681 elementor-section-boxed elementor-section-height-default elementor-section-height-default\" data-id=\"f182681\" data-element_type=\"section\" data-e-type=\"section\" data-settings=\"{&quot;background_background&quot;:&quot;classic&quot;}\">\n\t\t\t\t\t\t<div class=\"elementor-container elementor-column-gap-default\">\n\t\t\t\t\t<div class=\"elementor-column elementor-col-100 elementor-top-column elementor-element elementor-element-229efdc\" data-id=\"229efdc\" data-element_type=\"column\" data-e-type=\"column\">\n\t\t\t<div class=\"elementor-widget-wrap elementor-element-populated\">\n\t\t\t\t\t\t<section class=\"elementor-section elementor-inner-section elementor-element elementor-element-e09eca6 elementor-section-boxed elementor-section-height-default elementor-section-height-default\" data-id=\"e09eca6\" data-element_type=\"section\" data-e-type=\"section\">\n\t\t\t\t\t\t<div class=\"elementor-container elementor-column-gap-default\">\n\t\t\t\t\t<div class=\"elementor-column elementor-col-100 elementor-inner-column elementor-element elementor-element-30bd0de\" data-id=\"30bd0de\" data-element_type=\"column\" data-e-type=\"column\">\n\t\t\t<div class=\"elementor-widget-wrap elementor-element-populated\">\n\t\t\t\t\t\t<div class=\"elementor-element elementor-element-922d848 elementor-invisible elementor-widget elementor-widget-heading\" data-id=\"922d848\" data-element_type=\"widget\" data-e-type=\"widget\" data-settings=\"{&quot;_animation&quot;:&quot;fadeInUp&quot;}\" data-widget_type=\"heading.default\">\n\t\t\t\t<div class=\"elementor-widget-container\">\n\t\t\t\t\t<h2 class=\"elementor-heading-title elementor-size-default\">Cooperazione<\/h2>\t\t\t\t<\/div>\n\t\t\t\t<\/div>\n\t\t\t\t\t<\/div>\n\t\t<\/div>\n\t\t\t\t\t<\/div>\n\t\t<\/section>\n\t\t\t\t<div class=\"elementor-element elementor-element-91b6095 elementor-align-center elementor-mobile-align-justify elementor-invisible elementor-widget elementor-widget-button\" data-id=\"91b6095\" data-element_type=\"widget\" data-e-type=\"widget\" data-settings=\"{&quot;_animation&quot;:&quot;fadeIn&quot;}\" data-widget_type=\"button.default\">\n\t\t\t\t<div class=\"elementor-widget-container\">\n\t\t\t\t\t\t\t\t\t<div class=\"elementor-button-wrapper\">\n\t\t\t\t\t<a class=\"elementor-button elementor-button-link elementor-size-sm\" href=\"https:\/\/aplieplus.com\/it\/contact\/\">\n\t\t\t\t\t\t<span class=\"elementor-button-content-wrapper\">\n\t\t\t\t\t\t\t\t\t<span class=\"elementor-button-text\">Contatto<\/span>\n\t\t\t\t\t<\/span>\n\t\t\t\t\t<\/a>\n\t\t\t\t<\/div>\n\t\t\t\t\t\t\t\t<\/div>\n\t\t\t\t<\/div>\n\t\t\t\t<section class=\"elementor-section elementor-inner-section elementor-element elementor-element-680a9b9 elementor-section-boxed elementor-section-height-default elementor-section-height-default\" data-id=\"680a9b9\" data-element_type=\"section\" data-e-type=\"section\">\n\t\t\t\t\t\t<div class=\"elementor-container elementor-column-gap-default\">\n\t\t\t\t\t<div class=\"elementor-column elementor-col-50 elementor-inner-column elementor-element elementor-element-1dc15fc\" data-id=\"1dc15fc\" data-element_type=\"column\" data-e-type=\"column\">\n\t\t\t<div class=\"elementor-widget-wrap elementor-element-populated\">\n\t\t\t\t\t\t<div class=\"elementor-element elementor-element-fc03051 animated-slow elementor-invisible elementor-widget elementor-widget-image\" data-id=\"fc03051\" data-element_type=\"widget\" data-e-type=\"widget\" data-settings=\"{&quot;_animation&quot;:&quot;fadeInUp&quot;}\" data-widget_type=\"image.default\">\n\t\t\t\t<div class=\"elementor-widget-container\">\n\t\t\t\t\t\t\t\t\t\t\t\t\t\t\t<img fetchpriority=\"high\" decoding=\"async\" width=\"683\" height=\"1024\" src=\"https:\/\/aplieplus.com\/wp-content\/uploads\/2024\/11\/0P8A0124-683x1024.jpg\" class=\"attachment-large size-large wp-image-2916\" alt=\"\" srcset=\"https:\/\/aplieplus.com\/wp-content\/uploads\/2024\/11\/0P8A0124-683x1024.jpg 683w, https:\/\/aplieplus.com\/wp-content\/uploads\/2024\/11\/0P8A0124-200x300.jpg 200w, https:\/\/aplieplus.com\/wp-content\/uploads\/2024\/11\/0P8A0124-768x1151.jpg 768w, https:\/\/aplieplus.com\/wp-content\/uploads\/2024\/11\/0P8A0124-1024x1536.jpg 1024w, https:\/\/aplieplus.com\/wp-content\/uploads\/2024\/11\/0P8A0124-1366x2048.jpg 1366w, https:\/\/aplieplus.com\/wp-content\/uploads\/2024\/11\/0P8A0124-8x12.jpg 8w, https:\/\/aplieplus.com\/wp-content\/uploads\/2024\/11\/0P8A0124-600x900.jpg 600w, https:\/\/aplieplus.com\/wp-content\/uploads\/2024\/11\/0P8A0124-scaled.jpg 1707w\" sizes=\"(max-width: 683px) 100vw, 683px\" title=\"\">\t\t\t\t\t\t\t\t\t\t\t\t\t\t\t<\/div>\n\t\t\t\t<\/div>\n\t\t\t\t\t<\/div>\n\t\t<\/div>\n\t\t\t\t<div class=\"elementor-column elementor-col-50 elementor-inner-column elementor-element elementor-element-c68e0c4\" data-id=\"c68e0c4\" data-element_type=\"column\" data-e-type=\"column\">\n\t\t\t<div class=\"elementor-widget-wrap elementor-element-populated\">\n\t\t\t\t\t\t<div class=\"elementor-element elementor-element-edfb817 elementor-invisible elementor-widget elementor-widget-text-editor\" data-id=\"edfb817\" data-element_type=\"widget\" data-e-type=\"widget\" data-settings=\"{&quot;_animation&quot;:&quot;fadeInUp&quot;}\" data-widget_type=\"text-editor.default\">\n\t\t\t\t<div class=\"elementor-widget-container\">\n\t\t\t\t\t\t\t\t\t<h1>Cooperazione con Apli\u00e9plus - Ballare insieme, crescere insieme!<\/h1>\t\t\t\t\t\t\t\t<\/div>\n\t\t\t\t<\/div>\n\t\t\t\t<div class=\"elementor-element elementor-element-d9b75a8 elementor-invisible elementor-widget elementor-widget-text-editor\" data-id=\"d9b75a8\" data-element_type=\"widget\" data-e-type=\"widget\" data-settings=\"{&quot;_animation&quot;:&quot;fadeInUp&quot;}\" data-widget_type=\"text-editor.default\">\n\t\t\t\t<div class=\"elementor-widget-container\">\n\t\t\t\t\t\t\t\t\t<h2>Il potere della collaborazione<\/h2><p>Noi di Apli\u00e9plus crediamo nel potere della collaborazione. Ecco perch\u00e9 siamo lieti di offrire a ballerini, compagnie di danza e produttori di scarpe di alta qualit\u00e0 un'opportunit\u00e0 unica di sviluppare insieme a noi progetti entusiasmanti. Il nostro obiettivo \u00e8 sostenere sia i ballerini di talento che i marchi innovativi e arricchire il mondo della danza.<\/p><h2>Innovazione e progetti<\/h2><p>In un'interazione creativa, uniamo la nostra esperienza tecnica e le nostre soluzioni di prodotto innovative alla vostra passione per la danza. Forniamo immagini estetiche dei prodotti, presentazioni di grande effetto e filmati stimolanti che potete integrare perfettamente nei vostri contenuti. Questo non solo vi aiuta a sottolineare i vantaggi dei nostri prodotti, ma offre anche ai vostri spettatori una visione del mondo di Apli\u00e9plus.<\/p><p>\u00a0<\/p><h2>Piattaforma per i talenti<\/h2><p>Inoltre, siamo sempre alla ricerca di nuovi modi per promuovere i giovani talenti. Se i vostri contenuti sono in linea con i nostri valori e la nostra visione, vi invitiamo a inserirli nelle nostre produzioni. In questo modo, creiamo una piattaforma per sviluppare il potenziale dei giovani danzatori in un ambiente stimolante.<\/p><p>Sappiamo quanto sia importante essere visibili nel mondo digitale di oggi e vogliamo sostenervi per aumentare la vostra portata. Con Apli\u00e9plus al vostro fianco, non solo avrete accesso a materiali di alta qualit\u00e0, ma anche a una rete di persone che condividono la stessa passione per la danza.<\/p><h2>Balletto e danza<\/h2><p>Ridefiniamo insieme i confini della danza classica e diamo priorit\u00e0 al nostro impegno per la tutela e la performance delle danzatrici. Se desiderate saperne di pi\u00f9 sulle nostre opportunit\u00e0 di collaborazione, non esitate a contattarci. Non vediamo l'ora di sentirvi e di creare grandi cose insieme!<\/p>\t\t\t\t\t\t\t\t<\/div>\n\t\t\t\t<\/div>\n\t\t\t\t\t<\/div>\n\t\t<\/div>\n\t\t\t\t\t<\/div>\n\t\t<\/section>\n\t\t\t\t\t<\/div>\n\t\t<\/div>\n\t\t\t\t\t<\/div>\n\t\t<\/section>\n\t\t\t\t<\/div>","protected":false},"excerpt":{"rendered":"<p>Zusammenarbeit Contact Kooperationen mit Apli\u00e9plus \u2013 Gemeinsam tanzen, gemeinsam wachsen! Die Kraft der Zusammenarbeit Wir bei Apli\u00e9plus glauben an die Kraft der Zusammenarbeit. Deshalb freuen wir uns, Tanzschaffenden, Tanzcompagnien und Herstellern von Spitzenschuhen eine einzigartige M\u00f6glichkeit anzubieten, um gemeinsam mit uns spannende Projekte zu entwickeln. Unser Ziel ist es, sowohl talentierte T\u00e4nzerinnen als auch innovative [&hellip;]<\/p>\n","protected":false},"author":2,"featured_media":0,"parent":0,"menu_order":0,"comment_status":"closed","ping_status":"closed","template":"","meta":{"footnotes":""},"class_list":["post-2889","page","type-page","status-publish","hentry"],"_links":{"self":[{"href":"https:\/\/aplieplus.com\/it\/wp-json\/wp\/v2\/pages\/2889","targetHints":{"allow":["GET"]}}],"collection":[{"href":"https:\/\/aplieplus.com\/it\/wp-json\/wp\/v2\/pages"}],"about":[{"href":"https:\/\/aplieplus.com\/it\/wp-json\/wp\/v2\/types\/page"}],"author":[{"embeddable":true,"href":"https:\/\/aplieplus.com\/it\/wp-json\/wp\/v2\/users\/2"}],"replies":[{"embeddable":true,"href":"https:\/\/aplieplus.com\/it\/wp-json\/wp\/v2\/comments?post=2889"}],"version-history":[{"count":42,"href":"https:\/\/aplieplus.com\/it\/wp-json\/wp\/v2\/pages\/2889\/revisions"}],"predecessor-version":[{"id":2939,"href":"https:\/\/aplieplus.com\/it\/wp-json\/wp\/v2\/pages\/2889\/revisions\/2939"}],"wp:attachment":[{"href":"https:\/\/aplieplus.com\/it\/wp-json\/wp\/v2\/media?parent=2889"}],"curies":[{"name":"wp","href":"https:\/\/api.w.org\/{rel}","templated":true}]}}